

{"id":14822,"date":"2015-07-13T17:01:43","date_gmt":"2015-07-13T15:01:43","guid":{"rendered":"http:\/\/www.xcelsiorselection.com\/guarantee-returns-4-2\/"},"modified":"2015-07-13T17:31:34","modified_gmt":"2015-07-13T15:31:34","slug":"guarantee-returns-4","status":"publish","type":"page","link":"https:\/\/www.xcelsiorselection.com\/lv\/guarantee-returns-4\/","title":{"rendered":"Garantija un Atgrie\u0161ana"},"content":{"rendered":"<p><b>Garantija un pre\u010du atgrie\u0161ana<\/b><\/p>\n<p>Vis\u0101m Interneta veikal\u0101 <i>xcelsior selection<\/i> pied\u0101v\u0101taj\u0101m prec\u0113m ir 2 gadu garantija no pirkuma br\u012b\u017ea.<br \/>\nLai sa\u0146emtu ra\u017eot\u0101ja garantijas pakalpojumus, Jums ir nepiecie\u0161ams saglab\u0101t pirkumu apliecino\u0161u dokumentu, k\u0101 ar\u012b nog\u0101d\u0101t preci <i>xcelsior <\/i>veikal\u0101 R\u012bg\u0101, Blauma\u0146a iel\u0101 5a.<\/p>\n<p>Jums ir ties\u012bbas atgriezt preci 14 kalend\u0101ro dienu laik\u0101 no preces pieg\u0101des br\u012b\u017ea.<br \/>\nIzmantojot atteikuma ties\u012bbas, Jums j\u0101\u0146em v\u0113r\u0101, ka preci Jums ir j\u0101atgrie\u017e par saviem l\u012bdzek\u013ciem 7 dienu laik\u0101 no dienas, kad esat nos\u016bt\u012bjis atteikumu. Pirms preces nodo\u0161anas atpaka\u013c sazinieties ar mums rakstot\u00a0<a href=\"mailto:centrs@xcelsior.lv\">centrs@xcelsior.lv<\/a>\u00a0un inform\u0113jiet par nodo\u0161anas iemeslu un deta\u013c\u0101m.<\/p>\n<p>Atcerieties, ka prece ir j\u0101atgrie\u017e t\u0101s ori\u0123in\u0101laj\u0101 iesai\u0146ojum\u0101, nelietota un ar ori\u0123in\u0101lajiem dokumentiem!<\/p>\n<p>M\u0113s par preci un pieg\u0101di samaks\u0101to naudas summu atgriez\u012bsim uz J\u016bsu konta numuru 30 dienu laik\u0101 p\u0113c preces atgrie\u0161anas m\u016bsu veikal\u0101 R\u012bg\u0101, Blauma\u0146a iel\u0101 5a.<\/p>\n<p>Lai izvair\u012btos no p\u0101rpratumiem, preces sa\u0146em\u0161anas br\u012bd\u012b p\u0101rliecinieties, vai t\u0101 piln\u012bb\u0101 atbilst pas\u016bt\u012btajai (ra\u017eot\u0101js, modelis, kr\u0101sa, izm\u0113rs un citi b\u016btiski parametri). Ja konstat\u0113jat pieg\u0101des laik\u0101 izrais\u012btus defektus (skr\u0101p\u0113jumus, pl\u012bsumus u.c.), Jums ir ties\u012bbas atteikties no preces uzreiz (preces pieg\u0101des br\u012bd\u012b).<\/p>\n","protected":false},"excerpt":{"rendered":"<p>Garantija un pre\u010du atgrie\u0161ana Vis\u0101m Interneta veikal\u0101 xcelsior selection pied\u0101v\u0101taj\u0101m prec\u0113m ir 2 gadu garantija no pirkuma br\u012b\u017ea. Lai sa\u0146emtu ra\u017eot\u0101ja garantijas pakalpojumus, Jums ir nepiecie\u0161ams saglab\u0101t pirkumu apliecino\u0161u dokumentu, k\u0101 ar\u012b nog\u0101d\u0101t preci xcelsior veikal\u0101 R\u012bg\u0101, Blauma\u0146a iel\u0101 5a. Jums ir ties\u012bbas atgriezt preci 14 kalend\u0101ro dienu laik\u0101 no preces pieg\u0101des br\u012b\u017ea. Izmantojot atteikuma [&hellip;]<\/p>\n","protected":false},"author":1,"featured_media":0,"parent":0,"menu_order":0,"comment_status":"closed","ping_status":"open","template":"","meta":{"footnotes":""},"_links":{"self":[{"href":"https:\/\/www.xcelsiorselection.com\/lv\/wp-json\/wp\/v2\/pages\/14822\/"}],"collection":[{"href":"https:\/\/www.xcelsiorselection.com\/lv\/wp-json\/wp\/v2\/pages\/"}],"about":[{"href":"https:\/\/www.xcelsiorselection.com\/lv\/wp-json\/wp\/v2\/types\/page\/"}],"author":[{"embeddable":true,"href":"https:\/\/www.xcelsiorselection.com\/lv\/wp-json\/wp\/v2\/users\/1\/"}],"replies":[{"embeddable":true,"href":"https:\/\/www.xcelsiorselection.com\/lv\/wp-json\/wp\/v2\/comments\/?post=14822"}],"version-history":[{"count":0,"href":"https:\/\/www.xcelsiorselection.com\/lv\/wp-json\/wp\/v2\/pages\/14822\/revisions\/"}],"wp:attachment":[{"href":"https:\/\/www.xcelsiorselection.com\/lv\/wp-json\/wp\/v2\/media\/?parent=14822"}],"curies":[{"name":"wp","href":"https:\/\/api.w.org\/{rel}","templated":true}]}}