

{"id":14843,"date":"2015-07-13T17:52:30","date_gmt":"2015-07-13T15:52:30","guid":{"rendered":"http:\/\/www.xcelsiorselection.com\/rudninku-g-2-vilnius-lt-2\/"},"modified":"2019-07-10T10:11:29","modified_gmt":"2019-07-10T08:11:29","slug":"rudninku-g-2-vilnius-lt","status":"publish","type":"page","link":"https:\/\/www.xcelsiorselection.com\/lv\/rudninku-g-2-vilnius-lt\/","title":{"rendered":"VILNIUS, GYNEJU GATVE 14"},"content":{"rendered":" \n    \n    <script type=\"text\/javascript\" src=\"https:\/\/maps.googleapis.com\/maps\/api\/js?sensor=false\"><\/script>\n\t<script type=\"text\/javascript\">\n    \n    function initialize() {\n        var styles = {\n            'casanostra':  [{\n            \"featureType\": \"administrative\",\n            \"stylers\": [\n              { \"visibility\": \"on\" }\n            ]\n          },\n          {\n            \"featureType\": \"road\",\n            \"stylers\": [\n              { \"visibility\": \"on\" },\n              { \"hue\": \"#58728a\" }\n            ]\n          },\n          {\n            \"stylers\": [\n\t\t\t  { \"visibility\": \"on\" },\n\t\t\t  { \"hue\": \"#58728a\" },\n\t\t\t  { \"saturation\": -30 }\n            ]\n          }\n        ]};\n        \n        var myLatlng = new google.maps.LatLng(54.677635, 25.286655);\n        var myOptions = {\n            zoom: 17,\n            center: myLatlng,\n            mapTypeId: google.maps.MapTypeId.ROADMAP,\n            disableDefaultUI: true,\n            mapTypeId: 'casanostra',\n            draggable: true,\n            zoomControl: false,\n\t\t\tpanControl: false,\n\t\t\tmapTypeControl: false,\n\t\t\tscaleControl: false,\n\t\t\tstreetViewControl: false,\n\t\t\toverviewMapControl: false,\n            scrollwheel: false,\n            disableDoubleClickZoom: false\n        }\n        var map = new google.maps.Map(document.getElementById(\"map_canvas\"), myOptions);\n        var styledMapType = new google.maps.StyledMapType(styles['casanostra'], {name: 'casanostra'});\n        map.mapTypes.set('casanostra', styledMapType);\n        \n        var marker = new google.maps.Marker({\n            position: myLatlng, \n            map: map,\n            title:\"\"\n        });   \n    }\n    \n    google.maps.event.addDomListener(window, 'load', initialize);\n    google.maps.event.addDomListener(window, 'resize', initialize);\n    \n    <\/script>\n    \n    <div id=\"map_container\">\n        <div id=\"map_canvas\" style=\"height:400px;\"><\/div>\n        <div id=\"map_overlay_top\"><\/div>\n        <div id=\"map_overlay_bottom\"><\/div>\n                  <div class=\"map-info\">\n            <div class=\"row\">\n            <div class=\"large-4 columns right\">\n                <div class=\"map_inner\">\n                <\/p>\n<h3>xcelsior Vilnius<br \/>\nGyne\u0307ju\u0328 gatve\u0307 14, Vilnius, Lithuania<\/h3>\n<p>Esam atv\u0113rti:<br \/>\nPirmdien \u2013 Piektdien, 11:00 \u2013 19:00<\/p>\n<p>              <\/div> <!-- map_inner -->\n            <\/div><!-- large-4 -->\n             <\/div><!-- row -->\n        <\/div><!-- .map-info -->\n           <\/div>\n\n\t\n<div class=\"row container\"><\/p>\n<p><div class=\"large-6 columns\"><\/p>\n<p><div class=\"row\"><div class=\"large-12 columns\"><h3 class=\"section-title \"><span>M\u016bsu kontakti<\/span> <\/h3><\/div><\/div><!-- end section_title --><\/p>\n<p class=\"lead\"><em>xcelsior<\/em> xcelsior Vilnius<br \/>\nGyne\u0307ju\u0328 gatve\u0307 14, Vilnius, Lithuania<br \/>\nT\u0101lr.: +370 68010346,<br \/>\ne-pasts: xcelsior@xcelsior.lv<\/p>\n<p><\/div><\/p>\n<p><div class=\"large-6 columns\"><br \/>\n<div class=\"row\"><div class=\"large-12 columns\"><h3 class=\"section-title \"><span>Nos\u016bt\u012bt e-pastu<\/span> <\/h3><\/div><\/div><!-- end section_title --><\/p>\n<p class=\"lead\">Aizpildiet m\u016bsu pieteikuma formu un nos\u016btiet mums e-pastu. M\u0113s cent\u012bsimies atbild\u0113t uz J\u016bsu v\u0113stuli 24 stundu laik\u0101.<\/p>\n<p><noscript class=\"ninja-forms-noscript-message\">\n    Notice: JavaScript is required for this content.<\/noscript>No Fields Found.<div id=\"nf-form-4-cont\" class=\"nf-form-cont\" aria-live=\"polite\" aria-labelledby=\"nf-form-title-4\" aria-describedby=\"nf-form-errors-4\" role=\"form\">\n\n    <div class=\"nf-loading-spinner\"><\/div>\n\n<\/div>\n        <!-- TODO: Move to Template File. -->\n        <script>var formDisplay=1;var nfForms=nfForms||[];var form=[];form.id='4';form.settings={\"ninjaForms\":\"Ninja Forms\",\"changeEmailErrorMsg\":\"Please enter a valid email address!\",\"changeDateErrorMsg\":\"Please enter a valid date!\",\"confirmFieldErrorMsg\":\"These fields must match!\",\"fieldNumberNumMinError\":\"Number Min Error\",\"fieldNumberNumMaxError\":\"Number Max Error\",\"fieldNumberIncrementBy\":\"Please increment by \",\"fieldTextareaRTEInsertLink\":\"Insert Link\",\"fieldTextareaRTEInsertMedia\":\"Insert Media\",\"fieldTextareaRTESelectAFile\":\"Select a file\",\"formErrorsCorrectErrors\":\"Please correct errors before submitting this form.\",\"validateRequiredField\":\"This is a required field.\",\"honeypotHoneypotError\":\"Honeypot Error\",\"fileUploadOldCodeFileUploadInProgress\":\"File Upload in Progress.\",\"fileUploadOldCodeFileUpload\":\"FILE UPLOAD\",\"currencySymbol\":\"&euro;\",\"fieldsMarkedRequired\":\"Fields marked with an <span class=\\\"ninja-forms-req-symbol\\\">*<\\\/span> are required\",\"thousands_sep\":\"&nbsp;&nbsp;\",\"decimal_point\":\",\",\"dateFormat\":\"m\\\/d\\\/Y\",\"startOfWeek\":\"1\",\"of\":\"of\",\"previousMonth\":\"Previous Month\",\"nextMonth\":\"Next Month\",\"months\":[\"January\",\"February\",\"March\",\"April\",\"May\",\"June\",\"July\",\"August\",\"September\",\"October\",\"November\",\"December\"],\"monthsShort\":[\"Jan\",\"Feb\",\"Mar\",\"Apr\",\"May\",\"Jun\",\"Jul\",\"Aug\",\"Sep\",\"Oct\",\"Nov\",\"Dec\"],\"weekdays\":[\"Sunday\",\"Monday\",\"Tuesday\",\"Wednesday\",\"Thursday\",\"Friday\",\"Saturday\"],\"weekdaysShort\":[\"Sun\",\"Mon\",\"Tue\",\"Wed\",\"Thu\",\"Fri\",\"Sat\"],\"weekdaysMin\":[\"Su\",\"Mo\",\"Tu\",\"We\",\"Th\",\"Fr\",\"Sa\"],\"currency_symbol\":\"\",\"title\":null,\"beforeForm\":\"\",\"beforeFields\":\"\",\"afterFields\":\"\",\"afterForm\":\"\"};form.fields=[];nfForms.push(form);<\/script>\n        <br \/>\n<\/div><\/p>\n<p><\/div>\n","protected":false},"excerpt":{"rendered":"","protected":false},"author":1,"featured_media":0,"parent":0,"menu_order":0,"comment_status":"closed","ping_status":"open","template":"","meta":{"footnotes":""},"_links":{"self":[{"href":"https:\/\/www.xcelsiorselection.com\/lv\/wp-json\/wp\/v2\/pages\/14843\/"}],"collection":[{"href":"https:\/\/www.xcelsiorselection.com\/lv\/wp-json\/wp\/v2\/pages\/"}],"about":[{"href":"https:\/\/www.xcelsiorselection.com\/lv\/wp-json\/wp\/v2\/types\/page\/"}],"author":[{"embeddable":true,"href":"https:\/\/www.xcelsiorselection.com\/lv\/wp-json\/wp\/v2\/users\/1\/"}],"replies":[{"embeddable":true,"href":"https:\/\/www.xcelsiorselection.com\/lv\/wp-json\/wp\/v2\/comments\/?post=14843"}],"version-history":[{"count":2,"href":"https:\/\/www.xcelsiorselection.com\/lv\/wp-json\/wp\/v2\/pages\/14843\/revisions\/"}],"predecessor-version":[{"id":75453,"href":"https:\/\/www.xcelsiorselection.com\/lv\/wp-json\/wp\/v2\/pages\/14843\/revisions\/75453\/"}],"wp:attachment":[{"href":"https:\/\/www.xcelsiorselection.com\/lv\/wp-json\/wp\/v2\/media\/?parent=14843"}],"curies":[{"name":"wp","href":"https:\/\/api.w.org\/{rel}","templated":true}]}}