

{"id":14846,"date":"2015-07-13T18:01:48","date_gmt":"2015-07-13T16:01:48","guid":{"rendered":"http:\/\/www.xcelsiorselection.com\/shipping-payment-4-2\/"},"modified":"2021-04-23T14:19:27","modified_gmt":"2021-04-23T12:19:27","slug":"shipping-payment-4","status":"publish","type":"page","link":"https:\/\/www.xcelsiorselection.com\/lv\/shipping-payment-4\/","title":{"rendered":"Pieg\u0101de un Apmaksa"},"content":{"rendered":"<p><b>Pre\u010du pieg\u0101de\u00a0<\/b><\/p>\n<p>Noform\u0113jot pas\u016bt\u012bjumu, J\u016bs varat izv\u0113l\u0113ties vienu no \u0161\u0101diem pre\u010du sa\u0146em\u0161anas veidiem:<\/p>\n<p><span style=\"text-decoration: underline;\">Bezmaksas<\/span> \u2013 sa\u0146emot preci <i>xcelsior <\/i>veikal\u0101 R\u012bg\u0101, Elizabetes iel\u0101 83a<br \/>\nPirmdiena \u2013 Piektdiena 11:00-19:00, Sestdiena 11:00-17:00.<br \/>\nPrece j\u0101iz\u0146em 3 darba dienu laik\u0101 p\u0113c tam, kad esat sa\u0146\u0113mis inform\u0101ciju, ka J\u016bsu pas\u016bt\u012bjums ir sagatavots.<\/p>\n<p><span style=\"text-decoration: underline;\">Pieg\u0101de vis\u0101 Latvij\u0101, Igaunij\u0101 un Lietuv\u0101<\/span> \u2013 kurjers pieg\u0101d\u0101 preci uz J\u016bsu izv\u0113l\u0113to adresi.\u00a0R\u012bg\u0101 kurjera pieg\u0101de notiek tikai darbadien\u0101s no plkst. 8:00 l\u012bdz 17:00. Citos Latvijas re\u0123ionos \u2013 saska\u0146\u0101 ar iepriek\u0161\u0113jo vieno\u0161anos pa telefonu.<\/p>\n<p>Pieg\u0101de \u0101rpus Baltijas valst\u012bm pieejama p\u0113c individu\u0101la piepras\u012bjuma, rakstiet mums uz e-pastu centrs@xcelsior.lv<\/p>\n<p>Preces, kuru svars p\u0101rsniedz 20 kg, tiek pieg\u0101d\u0101tas atsevi\u0161\u0137i vienojoties par pieg\u0101des samaksu, \u0146emot v\u0113r\u0101 preces re\u0101lo svaru.<br \/>\nIeg\u0101d\u0101joties preces virs 200 EUR, pieg\u0101de bez maksas.<\/p>\n<p>Ja prece ir m\u016bsu noliktav\u0101, pieg\u0101des termi\u0146\u0161 ir 1-3 darba dienas, p\u0113c vieno\u0161an\u0101s ar pirc\u0113ju.<br \/>\nGad\u012bjum\u0101, ja prece nav pieejama noliktav\u0101, J\u016bs to varat ieg\u0101d\u0101ties p\u0113c pas\u016bt\u012bjuma, veicot pilnu preces priek\u0161apmaksu. Preces pieg\u0101des termi\u0146\u0161 prec\u0113m p\u0113c pas\u016bt\u012bjuma ir 4-8 ned\u0113\u013cas, bet tas var tikt main\u012bts, par to iepriek\u0161 J\u016bs inform\u0113jot.<\/p>\n<p>Laipni aicin\u0101m apskat\u012bt, izv\u0113l\u0113ties un sa\u0146emt jebkuru interneta veikal\u0101 pied\u0101v\u0101to preci par to pa\u0161u cenu m\u016bsu veikal\u0101. Nor\u0113\u0137ini gan skaidr\u0101 naud\u0101, gan ar nor\u0113\u0137inu karti.<\/p>\n<p>Jaut\u0101jumu vai neskaidr\u012bbu gad\u012bjum\u0101 dro\u0161i zvaniet uz 67 286 729 vai 67 286 730 vai rakstiet mums e-pastu uz <a href=\"mailto:centrs@xcelsior.lv\">centrs@xcelsior.lv<\/a><\/p>\n<p><b>Pre\u010du apmaksas veidi<\/b><\/p>\n<p><i>xcelsior selection<\/i>\u00a0pied\u0101v\u0101 nor\u0113\u0137inus ar VISA, VISA ELECTRON, MAESTRO un MASTERCARD nor\u0113\u0137inu kart\u0113m.<\/p>\n","protected":false},"excerpt":{"rendered":"<p>Pre\u010du pieg\u0101de\u00a0 Noform\u0113jot pas\u016bt\u012bjumu, J\u016bs varat izv\u0113l\u0113ties vienu no \u0161\u0101diem pre\u010du sa\u0146em\u0161anas veidiem: Bezmaksas \u2013 sa\u0146emot preci xcelsior veikal\u0101 R\u012bg\u0101, Elizabetes iel\u0101 83a Pirmdiena \u2013 Piektdiena 11:00-19:00, Sestdiena 11:00-17:00. Prece j\u0101iz\u0146em 3 darba dienu laik\u0101 p\u0113c tam, kad esat sa\u0146\u0113mis inform\u0101ciju, ka J\u016bsu pas\u016bt\u012bjums ir sagatavots. Pieg\u0101de vis\u0101 Latvij\u0101, Igaunij\u0101 un Lietuv\u0101 \u2013 kurjers pieg\u0101d\u0101 [&hellip;]<\/p>\n","protected":false},"author":1,"featured_media":0,"parent":0,"menu_order":0,"comment_status":"closed","ping_status":"open","template":"","meta":{"footnotes":""},"_links":{"self":[{"href":"https:\/\/www.xcelsiorselection.com\/lv\/wp-json\/wp\/v2\/pages\/14846\/"}],"collection":[{"href":"https:\/\/www.xcelsiorselection.com\/lv\/wp-json\/wp\/v2\/pages\/"}],"about":[{"href":"https:\/\/www.xcelsiorselection.com\/lv\/wp-json\/wp\/v2\/types\/page\/"}],"author":[{"embeddable":true,"href":"https:\/\/www.xcelsiorselection.com\/lv\/wp-json\/wp\/v2\/users\/1\/"}],"replies":[{"embeddable":true,"href":"https:\/\/www.xcelsiorselection.com\/lv\/wp-json\/wp\/v2\/comments\/?post=14846"}],"version-history":[{"count":4,"href":"https:\/\/www.xcelsiorselection.com\/lv\/wp-json\/wp\/v2\/pages\/14846\/revisions\/"}],"predecessor-version":[{"id":89461,"href":"https:\/\/www.xcelsiorselection.com\/lv\/wp-json\/wp\/v2\/pages\/14846\/revisions\/89461\/"}],"wp:attachment":[{"href":"https:\/\/www.xcelsiorselection.com\/lv\/wp-json\/wp\/v2\/media\/?parent=14846"}],"curies":[{"name":"wp","href":"https:\/\/api.w.org\/{rel}","templated":true}]}}