

{"id":14849,"date":"2015-07-13T18:08:27","date_gmt":"2015-07-13T16:08:27","guid":{"rendered":"http:\/\/www.xcelsiorselection.com\/xcelsior-2\/"},"modified":"2015-07-13T18:12:17","modified_gmt":"2015-07-13T16:12:17","slug":"xcelsior","status":"publish","type":"page","link":"https:\/\/www.xcelsiorselection.com\/lv\/xcelsior\/","title":{"rendered":"xcelsior"},"content":{"rendered":"<p><a href=\"http:\/\/www.xcelsior.lv\/\" target=\"_blank\"><i>xcelsior<\/i><\/a>\u00a0ir viens no vado\u0161ajiem arhitekt\u016bras un interjera dizaina uz\u0146\u0113mumiem, kas jau vair\u0101k k\u0101 20 gadus\u00a0veiksm\u012bgi darbojas Latvij\u0101.\u00a0<i>xcelsior<\/i>\u00a0nodarbojas ar interjera dizainu un profesion\u0101lu izgaismo\u0161anas projektu izstr\u0101di, nodro\u0161inot pilnu pakalpojumu paketi \u2013 no projekta skices l\u012bdz piln\u012bb\u0101 m\u0113bel\u0113tam un izgaismotam objektam.\u00a0<i>xcelsior<\/i>\u00a0darb\u012bbas pamatprincips ir individu\u0101ls un konkr\u0113ts risin\u0101jums konkr\u0113tam klientam, konkr\u0113t\u0101 vid\u0113 un laik\u0101.<\/p>\n<p>Gadu gait\u0101 p\u0101rbaudot lielu skaitu visp\u0101ratz\u012btu z\u012bmolu esam non\u0101ku\u0161i pie zin\u0101mas atlases un sava stila izveides.\u00a0Par sav\u0101m pamatv\u0113rt\u012bb\u0101m nost\u0101dot t\u0101das \u012bpa\u0161\u012bbas k\u0101 ori\u0123inalit\u0101te, konceptu\u0101lisms, rado\u0161ums, pozit\u012bvisms, m\u0113r\u0137tiec\u012bga p\u0101rdro\u0161\u012bba un iedvesma. M\u0113s apvienojam stabilit\u0101ti un pieredzi ar inovat\u012bv\u0101m un modern\u0101m idej\u0101m.<\/p>\n<p>M\u0113s pied\u0101v\u0101jam jaunus, funkcion\u0101lus un tehnolo\u0123iskus risin\u0101jumus ar augst\u0101k\u0101s kvalit\u0101tes dizainu. Tas ir ieguld\u012bjums n\u0101kotn\u0113, jo str\u0101d\u0101jam ar visp\u0101ratz\u012btiem m\u0113be\u013cu un gaismas objektu ra\u017eot\u0101jiem, kas garant\u0113 savu produktu nevainojamu kalpo\u0161anu 5-30 gadu garum\u0101, \u013caujot samazin\u0101t izdevumus n\u0101kotn\u0113. M\u0113s dz\u012bvojam n\u0101kotnei, pied\u0101v\u0101jot ilglaic\u012bgus risin\u0101jumus J\u016bsu darba videi vai m\u0101jai.<\/p>\n<p>&nbsp;<\/p>\n","protected":false},"excerpt":{"rendered":"<p>xcelsior\u00a0ir viens no vado\u0161ajiem arhitekt\u016bras un interjera dizaina uz\u0146\u0113mumiem, kas jau vair\u0101k k\u0101 20 gadus\u00a0veiksm\u012bgi darbojas Latvij\u0101.\u00a0xcelsior\u00a0nodarbojas ar interjera dizainu un profesion\u0101lu izgaismo\u0161anas projektu izstr\u0101di, nodro\u0161inot pilnu pakalpojumu paketi \u2013 no projekta skices l\u012bdz piln\u012bb\u0101 m\u0113bel\u0113tam un izgaismotam objektam.\u00a0xcelsior\u00a0darb\u012bbas pamatprincips ir individu\u0101ls un konkr\u0113ts risin\u0101jums konkr\u0113tam klientam, konkr\u0113t\u0101 vid\u0113 un laik\u0101. Gadu gait\u0101 p\u0101rbaudot lielu [&hellip;]<\/p>\n","protected":false},"author":1,"featured_media":0,"parent":0,"menu_order":0,"comment_status":"closed","ping_status":"open","template":"","meta":{"footnotes":""},"_links":{"self":[{"href":"https:\/\/www.xcelsiorselection.com\/lv\/wp-json\/wp\/v2\/pages\/14849\/"}],"collection":[{"href":"https:\/\/www.xcelsiorselection.com\/lv\/wp-json\/wp\/v2\/pages\/"}],"about":[{"href":"https:\/\/www.xcelsiorselection.com\/lv\/wp-json\/wp\/v2\/types\/page\/"}],"author":[{"embeddable":true,"href":"https:\/\/www.xcelsiorselection.com\/lv\/wp-json\/wp\/v2\/users\/1\/"}],"replies":[{"embeddable":true,"href":"https:\/\/www.xcelsiorselection.com\/lv\/wp-json\/wp\/v2\/comments\/?post=14849"}],"version-history":[{"count":0,"href":"https:\/\/www.xcelsiorselection.com\/lv\/wp-json\/wp\/v2\/pages\/14849\/revisions\/"}],"wp:attachment":[{"href":"https:\/\/www.xcelsiorselection.com\/lv\/wp-json\/wp\/v2\/media\/?parent=14849"}],"curies":[{"name":"wp","href":"https:\/\/api.w.org\/{rel}","templated":true}]}}