

{"id":14852,"date":"2015-07-13T18:13:54","date_gmt":"2015-07-13T16:13:54","guid":{"rendered":"http:\/\/www.xcelsiorselection.com\/xcelsior-selection-2-2\/"},"modified":"2019-07-10T10:43:09","modified_gmt":"2019-07-10T08:43:09","slug":"xcelsior-selection-2","status":"publish","type":"page","link":"https:\/\/www.xcelsiorselection.com\/lv\/xcelsior-selection-2\/","title":{"rendered":"xcelsior selection"},"content":{"rendered":"<p><i>Interjers. Iedvesma. Inform\u0101cija.<\/i><\/p>\n<p><i><\/i><i>xcelsior selection<\/i>\u00a0ir\u00a0arhitekt\u016bras un interjera dizaina telpas\u00a0<a href=\"http:\/\/www.xcelsior.lv\/\" target=\"_blank\" rel=\"noopener\"><i>xcelsior<\/i><\/a>\u00a0interneta veikals. <em>xcelsior selection<\/em> pied\u0101v\u0101 dizaina un interjera priek\u0161metu atlasi J\u016bsu m\u0101jai vai birojam, k\u0101 ar\u012b unik\u0101las idejas d\u0101van\u0101m.<\/p>\n<p>Laipni aicin\u0101m apskat\u012bt, izv\u0113l\u0113ties un sa\u0146emt jebkuru interneta veikal\u0101 pied\u0101v\u0101to preci m\u016bsu pils\u0113tas veikal\u0101 Blauma\u0146a iel\u0101 5a.\u00a0Zino\u0161i konsultanti sniegs Jums nepiecie\u0161amo inform\u0101ciju par pieejam\u0101m prec\u0113m un p\u0101rst\u0101v\u0113tajiem z\u012bmoliem.\u00a0<span style=\"line-height: 1.5em;\">\u0160aj\u0101 veikal\u0101 ir iesp\u0113ja ieg\u016bt inform\u0101ciju par\u00a0<\/span><i style=\"line-height: 1.5em;\"><a href=\"http:\/\/www.xcelsior.lv\/\" target=\"_blank\" rel=\"noopener\">xcelsior<\/a>,<\/i><span style=\"line-height: 1.5em;\">\u00a0par to, kur m\u016bs atrast, k\u0101 ar\u012b par notieko\u0161ajiem pas\u0101kumiem vai ekspoz\u012bcij\u0101m m\u016bsu salon\u0101 Blauma\u0146a iel\u0101 5a un dizaina telp\u0101 Uzvaras bulv\u0101r\u012b 9.\u00a0<\/span><\/p>\n<p>M\u016bsu p\u0101rst\u0101v\u0113tie z\u012bmoli: Anne-Claire Petit, Donna Wilson, Vitra, Kartell, Magis, Leander, Seletti, Quax, Culti, Flos, Fullspot, Kukuu, Rexite u.c.<\/p>\n","protected":false},"excerpt":{"rendered":"<p>Interjers. Iedvesma. Inform\u0101cija. xcelsior selection\u00a0ir\u00a0arhitekt\u016bras un interjera dizaina telpas\u00a0xcelsior\u00a0interneta veikals. xcelsior selection pied\u0101v\u0101 dizaina un interjera priek\u0161metu atlasi J\u016bsu m\u0101jai vai birojam, k\u0101 ar\u012b unik\u0101las idejas d\u0101van\u0101m. Laipni aicin\u0101m apskat\u012bt, izv\u0113l\u0113ties un sa\u0146emt jebkuru interneta veikal\u0101 pied\u0101v\u0101to preci m\u016bsu pils\u0113tas veikal\u0101 Blauma\u0146a iel\u0101 5a.\u00a0Zino\u0161i konsultanti sniegs Jums nepiecie\u0161amo inform\u0101ciju par pieejam\u0101m prec\u0113m un p\u0101rst\u0101v\u0113tajiem z\u012bmoliem.\u00a0\u0160aj\u0101 [&hellip;]<\/p>\n","protected":false},"author":1,"featured_media":0,"parent":0,"menu_order":0,"comment_status":"closed","ping_status":"open","template":"","meta":{"footnotes":""},"_links":{"self":[{"href":"https:\/\/www.xcelsiorselection.com\/lv\/wp-json\/wp\/v2\/pages\/14852\/"}],"collection":[{"href":"https:\/\/www.xcelsiorselection.com\/lv\/wp-json\/wp\/v2\/pages\/"}],"about":[{"href":"https:\/\/www.xcelsiorselection.com\/lv\/wp-json\/wp\/v2\/types\/page\/"}],"author":[{"embeddable":true,"href":"https:\/\/www.xcelsiorselection.com\/lv\/wp-json\/wp\/v2\/users\/1\/"}],"replies":[{"embeddable":true,"href":"https:\/\/www.xcelsiorselection.com\/lv\/wp-json\/wp\/v2\/comments\/?post=14852"}],"version-history":[{"count":1,"href":"https:\/\/www.xcelsiorselection.com\/lv\/wp-json\/wp\/v2\/pages\/14852\/revisions\/"}],"predecessor-version":[{"id":75474,"href":"https:\/\/www.xcelsiorselection.com\/lv\/wp-json\/wp\/v2\/pages\/14852\/revisions\/75474\/"}],"wp:attachment":[{"href":"https:\/\/www.xcelsiorselection.com\/lv\/wp-json\/wp\/v2\/media\/?parent=14852"}],"curies":[{"name":"wp","href":"https:\/\/api.w.org\/{rel}","templated":true}]}}