

{"id":279,"date":"2014-02-15T23:43:03","date_gmt":"2014-02-15T21:43:03","guid":{"rendered":"http:\/\/www.xcelsiorselection.com\/?page_id=279"},"modified":"2014-02-17T00:27:47","modified_gmt":"2014-02-16T22:27:47","slug":"pr-kat","status":"publish","type":"page","link":"https:\/\/www.xcelsiorselection.com\/lv\/pr-kat\/","title":{"rendered":"Pre\u010du kategorijas"},"content":{"rendered":"<div class=\"woocommerce columns-4\"><div class=\"row\"><div class=\"large-12 columns\">\n\n\t\t<ul class=\"products small-block-grid-2 large-block-grid-4\">\n\n\n<li class=\"product-category\">\n\n<a href=\"https:\/\/www.xcelsiorselection.com\/lv\/produkta-kategorija\/electronics-lv\/\"><div class=\"inner\">\n<a href=\"https:\/\/www.xcelsiorselection.com\/lv\/produkta-kategorija\/electronics-lv\/\">\n\n<img loading=\"lazy\" decoding=\"async\" src=\"https:\/\/www.xcelsiorselection.com\/wp-content\/plugins\/woocommerce\/assets\/images\/placeholder.png\" alt=\"Electronics\" width=\"300\" height=\"300\" \/><div class=\"header-title\">\n<h3>\nElectronics <span class=\"count\">5 items<\/span><\/h3>\n<\/div>\n\n<\/a>\n<\/div><!-- .inner -->\n\n<\/a>\n<\/li><li class=\"product-category\">\n\n<a href=\"https:\/\/www.xcelsiorselection.com\/lv\/produkta-kategorija\/home-fragrances-lv\/\"><div class=\"inner\">\n<a href=\"https:\/\/www.xcelsiorselection.com\/lv\/produkta-kategorija\/home-fragrances-lv\/\">\n\n<img loading=\"lazy\" decoding=\"async\" src=\"https:\/\/www.xcelsiorselection.com\/wp-content\/plugins\/woocommerce\/assets\/images\/placeholder.png\" alt=\"Home fragrances\" width=\"300\" height=\"300\" \/><div class=\"header-title\">\n<h3>\nHome fragrances <span class=\"count\">3 items<\/span><\/h3>\n<\/div>\n\n<\/a>\n<\/div><!-- .inner -->\n\n<\/a>\n<\/li><li class=\"product-category\">\n\n<a href=\"https:\/\/www.xcelsiorselection.com\/lv\/produkta-kategorija\/uncategorized-lv\/\"><div class=\"inner\">\n<a href=\"https:\/\/www.xcelsiorselection.com\/lv\/produkta-kategorija\/uncategorized-lv\/\">\n\n<img loading=\"lazy\" decoding=\"async\" src=\"https:\/\/www.xcelsiorselection.com\/wp-content\/plugins\/woocommerce\/assets\/images\/placeholder.png\" alt=\"Uncategorized\" width=\"300\" height=\"300\" \/><div class=\"header-title\">\n<h3>\nUncategorized <span class=\"count\">3 items<\/span><\/h3>\n<\/div>\n\n<\/a>\n<\/div><!-- .inner -->\n\n<\/a>\n<\/li><li class=\"product-category\">\n\n<a href=\"https:\/\/www.xcelsiorselection.com\/lv\/produkta-kategorija\/izpardosana\/\"><div class=\"inner\">\n<a href=\"https:\/\/www.xcelsiorselection.com\/lv\/produkta-kategorija\/izpardosana\/\">\n\n<img loading=\"lazy\" decoding=\"async\" src=\"https:\/\/www.xcelsiorselection.com\/wp-content\/plugins\/woocommerce\/assets\/images\/placeholder.png\" alt=\"Izp\u0101rdo\u0161ana\" width=\"300\" height=\"300\" \/><div class=\"header-title\">\n<h3>\nIzp\u0101rdo\u0161ana <span class=\"count\">250 items<\/span><\/h3>\n<\/div>\n\n<\/a>\n<\/div><!-- .inner -->\n\n<\/a>\n<\/li><li class=\"product-category\">\n\n<a href=\"https:\/\/www.xcelsiorselection.com\/lv\/produkta-kategorija\/birojam\/\"><div class=\"inner\">\n<a href=\"https:\/\/www.xcelsiorselection.com\/lv\/produkta-kategorija\/birojam\/\">\n\n<img loading=\"lazy\" decoding=\"async\" src=\"https:\/\/www.xcelsiorselection.com\/wp-content\/plugins\/woocommerce\/assets\/images\/placeholder.png\" alt=\"Birojam\" width=\"300\" height=\"300\" \/><div class=\"header-title\">\n<h3>\nBirojam <span class=\"count\">2 items<\/span><\/h3>\n<\/div>\n\n<\/a>\n<\/div><!-- .inner -->\n\n<\/a>\n<\/li><li class=\"product-category\">\n\n<a href=\"https:\/\/www.xcelsiorselection.com\/lv\/produkta-kategorija\/birojam\/biroja-kresli\/\"><div class=\"inner\">\n<a href=\"https:\/\/www.xcelsiorselection.com\/lv\/produkta-kategorija\/birojam\/biroja-kresli\/\">\n\n<img loading=\"lazy\" decoding=\"async\" src=\"https:\/\/www.xcelsiorselection.com\/wp-content\/plugins\/woocommerce\/assets\/images\/placeholder.png\" alt=\"Biroja kr\u0113sli\" width=\"300\" height=\"300\" \/><div class=\"header-title\">\n<h3>\nBiroja kr\u0113sli <span class=\"count\">2 items<\/span><\/h3>\n<\/div>\n\n<\/a>\n<\/div><!-- .inner -->\n\n<\/a>\n<\/li><li class=\"product-category\">\n\n<a href=\"https:\/\/www.xcelsiorselection.com\/lv\/produkta-kategorija\/majai\/\"><div class=\"inner\">\n<a href=\"https:\/\/www.xcelsiorselection.com\/lv\/produkta-kategorija\/majai\/\">\n\n<img loading=\"lazy\" decoding=\"async\" src=\"https:\/\/www.xcelsiorselection.com\/wp-content\/plugins\/woocommerce\/assets\/images\/placeholder.png\" alt=\"M\u0101jai\" width=\"300\" height=\"300\" \/><div class=\"header-title\">\n<h3>\nM\u0101jai <span class=\"count\">1073 items<\/span><\/h3>\n<\/div>\n\n<\/a>\n<\/div><!-- .inner -->\n\n<\/a>\n<\/li><li class=\"product-category\">\n\n<a href=\"https:\/\/www.xcelsiorselection.com\/lv\/produkta-kategorija\/majai\/aksesuari\/\"><div class=\"inner\">\n<a href=\"https:\/\/www.xcelsiorselection.com\/lv\/produkta-kategorija\/majai\/aksesuari\/\">\n\n<img loading=\"lazy\" decoding=\"async\" src=\"https:\/\/www.xcelsiorselection.com\/wp-content\/plugins\/woocommerce\/assets\/images\/placeholder.png\" alt=\"Aksesu\u0101ri\" width=\"300\" height=\"300\" \/><div class=\"header-title\">\n<h3>\nAksesu\u0101ri <span class=\"count\">606 items<\/span><\/h3>\n<\/div>\n\n<\/a>\n<\/div><!-- .inner -->\n\n<\/a>\n<\/li><li class=\"product-category\">\n\n<a href=\"https:\/\/www.xcelsiorselection.com\/lv\/produkta-kategorija\/majai\/aksesuari\/apgerbu-aksesuari\/\"><div class=\"inner\">\n<a href=\"https:\/\/www.xcelsiorselection.com\/lv\/produkta-kategorija\/majai\/aksesuari\/apgerbu-aksesuari\/\">\n\n<img loading=\"lazy\" decoding=\"async\" src=\"https:\/\/www.xcelsiorselection.com\/wp-content\/plugins\/woocommerce\/assets\/images\/placeholder.png\" alt=\"Ap\u0123\u0113rbu aksesu\u0101ri\" width=\"300\" height=\"300\" \/><div class=\"header-title\">\n<h3>\nAp\u0123\u0113rbu aksesu\u0101ri <span class=\"count\">24 items<\/span><\/h3>\n<\/div>\n\n<\/a>\n<\/div><!-- .inner -->\n\n<\/a>\n<\/li><li class=\"product-category\">\n\n<a href=\"https:\/\/www.xcelsiorselection.com\/lv\/produkta-kategorija\/majai\/aksesuari\/biroja-aksesuari\/\"><div class=\"inner\">\n<a href=\"https:\/\/www.xcelsiorselection.com\/lv\/produkta-kategorija\/majai\/aksesuari\/biroja-aksesuari\/\">\n\n<img loading=\"lazy\" decoding=\"async\" src=\"https:\/\/www.xcelsiorselection.com\/wp-content\/plugins\/woocommerce\/assets\/images\/placeholder.png\" alt=\"Biroja aksesu\u0101ri\" width=\"300\" height=\"300\" \/><div class=\"header-title\">\n<h3>\nBiroja aksesu\u0101ri <span class=\"count\">108 items<\/span><\/h3>\n<\/div>\n\n<\/a>\n<\/div><!-- .inner -->\n\n<\/a>\n<\/li><li class=\"product-category\">\n\n<a href=\"https:\/\/www.xcelsiorselection.com\/lv\/produkta-kategorija\/majai\/aksesuari\/drebju-pakaramie\/\"><div class=\"inner\">\n<a href=\"https:\/\/www.xcelsiorselection.com\/lv\/produkta-kategorija\/majai\/aksesuari\/drebju-pakaramie\/\">\n\n<img loading=\"lazy\" decoding=\"async\" src=\"https:\/\/www.xcelsiorselection.com\/wp-content\/plugins\/woocommerce\/assets\/images\/placeholder.png\" alt=\"Dr\u0113bju pakaramie\" width=\"300\" height=\"300\" \/><div class=\"header-title\">\n<h3>\nDr\u0113bju pakaramie <span class=\"count\">13 items<\/span><\/h3>\n<\/div>\n\n<\/a>\n<\/div><!-- .inner -->\n\n<\/a>\n<\/li><li class=\"product-category\">\n\n<a href=\"https:\/\/www.xcelsiorselection.com\/lv\/produkta-kategorija\/majai\/aksesuari\/interjera-aksesuari\/\"><div class=\"inner\">\n<a href=\"https:\/\/www.xcelsiorselection.com\/lv\/produkta-kategorija\/majai\/aksesuari\/interjera-aksesuari\/\">\n\n<img loading=\"lazy\" decoding=\"async\" src=\"https:\/\/www.xcelsiorselection.com\/wp-content\/plugins\/woocommerce\/assets\/images\/placeholder.png\" alt=\"Interjera aksesu\u0101ri\" width=\"300\" height=\"300\" \/><div class=\"header-title\">\n<h3>\nInterjera aksesu\u0101ri <span class=\"count\">156 items<\/span><\/h3>\n<\/div>\n\n<\/a>\n<\/div><!-- .inner -->\n\n<\/a>\n<\/li><\/ul>\n<\/div>\n<\/div><!-- .large-12 --><\/div>\n","protected":false},"excerpt":{"rendered":"","protected":false},"author":1,"featured_media":0,"parent":0,"menu_order":0,"comment_status":"closed","ping_status":"open","template":"","meta":{"footnotes":""},"_links":{"self":[{"href":"https:\/\/www.xcelsiorselection.com\/lv\/wp-json\/wp\/v2\/pages\/279\/"}],"collection":[{"href":"https:\/\/www.xcelsiorselection.com\/lv\/wp-json\/wp\/v2\/pages\/"}],"about":[{"href":"https:\/\/www.xcelsiorselection.com\/lv\/wp-json\/wp\/v2\/types\/page\/"}],"author":[{"embeddable":true,"href":"https:\/\/www.xcelsiorselection.com\/lv\/wp-json\/wp\/v2\/users\/1\/"}],"replies":[{"embeddable":true,"href":"https:\/\/www.xcelsiorselection.com\/lv\/wp-json\/wp\/v2\/comments\/?post=279"}],"version-history":[{"count":0,"href":"https:\/\/www.xcelsiorselection.com\/lv\/wp-json\/wp\/v2\/pages\/279\/revisions\/"}],"wp:attachment":[{"href":"https:\/\/www.xcelsiorselection.com\/lv\/wp-json\/wp\/v2\/media\/?parent=279"}],"curies":[{"name":"wp","href":"https:\/\/api.w.org\/{rel}","templated":true}]}}