

{"id":285,"date":"2014-02-15T23:26:14","date_gmt":"2014-02-15T21:26:14","guid":{"rendered":"http:\/\/www.xcelsiorselection.com\/?page_id=285"},"modified":"2014-02-19T22:55:23","modified_gmt":"2014-02-19T20:55:23","slug":"par-mums","status":"publish","type":"page","link":"https:\/\/www.xcelsiorselection.com\/lv\/par-mums\/","title":{"rendered":"Par mums"},"content":{"rendered":"<p>Xcelsior no 1992. gada nodarbojas ar interjera dizainu un profesion\u0101lu izgaismo\u0161anas projektu izstr\u0101di, nodro\u0161inot pilnu pakalpojumu paketi &#8211; no projekta skices l\u012bdz piln\u012bb\u0101 m\u0113bel\u0113tam un izgaismotam objektam.<\/p>\n<p>M\u0113s p\u0101rst\u0101vam visp\u0101ratz\u012btus m\u0113be\u013cu l\u012bderus un gaismas objektu ra\u017eot\u0101jus Eirop\u0101, t\u0101dus k\u0101 Vitra, Boffi, Cassina, Driade, Giorgetti, Edra, Rosenthal, Agape, Kreon, Luce Plan un citus. \u0160\u012bs komp\u0101nijas pied\u0101v\u0101 progres\u012bv\u0101kos risin\u0101jumus telpu iek\u0101rto\u0161an\u0101 un izgaismo\u0161an\u0101, garant\u0113 savu produktu nevainojamu kalpo\u0161anu 5 &#8211; 30 gadu garum\u0101, \u013caujot samazin\u0101t izdevumus n\u0101kotn\u0113.<\/p>\n<p>M\u016bsu darb\u012bbas pamatprincips ir konkr\u0113ts risin\u0101jums konkr\u0113tam klientam, konkr\u0113t\u0101 vid\u0113 un laik\u0101. Tas ir bijis viens no vadmot\u012bviem, k\u0101p\u0113c t\u0101di klienti k\u0101 lidosta R\u012bga VIP z\u0101le,ku\u0123u a\u0123ent\u016bra Astramar, Arthur Andersen Co,Ministru kabinets,Rietumu banka,Parex banka,Aizkraukles banka,Skonto,Lieti\u0161\u0137\u0101s Inform\u0101cijas Dienests,Blugers &amp; Plaude,DnB NORD banka,Lattelecom,RBS Skals,Latvijas Banka,Zelmenis &amp; Liberteir izv\u0113l\u0113ju\u0161ies sadarb\u012bbu ar mums.<\/p>\n<p>Ja ar\u012b jums ir j\u0101risina ar telpu iek\u0101rto\u0161anu saist\u012bti jaut\u0101jumi, esiet laipni l\u016bgti.<\/p>\n\n\t\t<style type=\"text\/css\">\n\t\t\t#gallery-1 {\n\t\t\t\tmargin: auto;\n\t\t\t}\n\t\t\t#gallery-1 .gallery-item {\n\t\t\t\tfloat: left;\n\t\t\t\tmargin-top: 10px;\n\t\t\t\ttext-align: center;\n\t\t\t\twidth: 25%;\n\t\t\t}\n\t\t\t#gallery-1 img {\n\t\t\t\tborder: 2px solid #cfcfcf;\n\t\t\t}\n\t\t\t#gallery-1 .gallery-caption {\n\t\t\t\tmargin-left: 0;\n\t\t\t}\n\t\t\t\/* see gallery_shortcode() in wp-includes\/media.php *\/\n\t\t<\/style>\n\t\t<div id='gallery-1' class='gallery galleryid-285 gallery-columns-4 gallery-size-thumbnail'><dl class='gallery-item'>\n\t\t\t<dt class='gallery-icon landscape'>\n\t\t\t\t<a href='https:\/\/www.xcelsiorselection.com\/wp-content\/uploads\/2014\/02\/pic_1_h.jpg'><img loading=\"lazy\" decoding=\"async\" width=\"300\" height=\"300\" src=\"https:\/\/www.xcelsiorselection.com\/wp-content\/uploads\/2014\/02\/pic_1_h-300x300.jpg\" class=\"attachment-thumbnail size-thumbnail\" alt=\"\" srcset=\"https:\/\/www.xcelsiorselection.com\/wp-content\/uploads\/2014\/02\/pic_1_h-300x300.jpg 300w, https:\/\/www.xcelsiorselection.com\/wp-content\/uploads\/2014\/02\/pic_1_h-100x100.jpg 100w\" sizes=\"(max-width: 300px) 100vw, 300px\" \/><\/a>\n\t\t\t<\/dt><\/dl><dl class='gallery-item'>\n\t\t\t<dt class='gallery-icon landscape'>\n\t\t\t\t<a href='https:\/\/www.xcelsiorselection.com\/wp-content\/uploads\/2014\/02\/pic_4_h.jpg'><img loading=\"lazy\" decoding=\"async\" width=\"300\" height=\"300\" src=\"https:\/\/www.xcelsiorselection.com\/wp-content\/uploads\/2014\/02\/pic_4_h-300x300.jpg\" class=\"attachment-thumbnail size-thumbnail\" alt=\"\" srcset=\"https:\/\/www.xcelsiorselection.com\/wp-content\/uploads\/2014\/02\/pic_4_h-300x300.jpg 300w, https:\/\/www.xcelsiorselection.com\/wp-content\/uploads\/2014\/02\/pic_4_h-100x100.jpg 100w\" sizes=\"(max-width: 300px) 100vw, 300px\" \/><\/a>\n\t\t\t<\/dt><\/dl><dl class='gallery-item'>\n\t\t\t<dt class='gallery-icon landscape'>\n\t\t\t\t<a href='https:\/\/www.xcelsiorselection.com\/wp-content\/uploads\/2014\/02\/pic_2_h.jpg'><img loading=\"lazy\" decoding=\"async\" width=\"300\" height=\"300\" src=\"https:\/\/www.xcelsiorselection.com\/wp-content\/uploads\/2014\/02\/pic_2_h-300x300.jpg\" class=\"attachment-thumbnail size-thumbnail\" alt=\"\" srcset=\"https:\/\/www.xcelsiorselection.com\/wp-content\/uploads\/2014\/02\/pic_2_h-300x300.jpg 300w, https:\/\/www.xcelsiorselection.com\/wp-content\/uploads\/2014\/02\/pic_2_h-100x100.jpg 100w\" sizes=\"(max-width: 300px) 100vw, 300px\" \/><\/a>\n\t\t\t<\/dt><\/dl><dl class='gallery-item'>\n\t\t\t<dt class='gallery-icon landscape'>\n\t\t\t\t<a href='https:\/\/www.xcelsiorselection.com\/wp-content\/uploads\/2014\/02\/pic_3_h.jpg'><img loading=\"lazy\" decoding=\"async\" width=\"300\" height=\"300\" src=\"https:\/\/www.xcelsiorselection.com\/wp-content\/uploads\/2014\/02\/pic_3_h-300x300.jpg\" class=\"attachment-thumbnail size-thumbnail\" alt=\"\" srcset=\"https:\/\/www.xcelsiorselection.com\/wp-content\/uploads\/2014\/02\/pic_3_h-300x300.jpg 300w, https:\/\/www.xcelsiorselection.com\/wp-content\/uploads\/2014\/02\/pic_3_h-100x100.jpg 100w\" sizes=\"(max-width: 300px) 100vw, 300px\" \/><\/a>\n\t\t\t<\/dt><\/dl><br style=\"clear: both\" \/>\n\t\t<\/div>\n\n","protected":false},"excerpt":{"rendered":"<p>Xcelsior no 1992. gada nodarbojas ar interjera dizainu un profesion\u0101lu izgaismo\u0161anas projektu izstr\u0101di, nodro\u0161inot pilnu pakalpojumu paketi &#8211; no projekta skices l\u012bdz piln\u012bb\u0101 m\u0113bel\u0113tam un izgaismotam objektam. M\u0113s p\u0101rst\u0101vam visp\u0101ratz\u012btus m\u0113be\u013cu l\u012bderus un gaismas objektu ra\u017eot\u0101jus Eirop\u0101, t\u0101dus k\u0101 Vitra, Boffi, Cassina, Driade, Giorgetti, Edra, Rosenthal, Agape, Kreon, Luce Plan un citus. \u0160\u012bs komp\u0101nijas pied\u0101v\u0101 [&hellip;]<\/p>\n","protected":false},"author":1,"featured_media":0,"parent":0,"menu_order":0,"comment_status":"closed","ping_status":"open","template":"page-blank-title-center.php","meta":{"footnotes":""},"_links":{"self":[{"href":"https:\/\/www.xcelsiorselection.com\/lv\/wp-json\/wp\/v2\/pages\/285\/"}],"collection":[{"href":"https:\/\/www.xcelsiorselection.com\/lv\/wp-json\/wp\/v2\/pages\/"}],"about":[{"href":"https:\/\/www.xcelsiorselection.com\/lv\/wp-json\/wp\/v2\/types\/page\/"}],"author":[{"embeddable":true,"href":"https:\/\/www.xcelsiorselection.com\/lv\/wp-json\/wp\/v2\/users\/1\/"}],"replies":[{"embeddable":true,"href":"https:\/\/www.xcelsiorselection.com\/lv\/wp-json\/wp\/v2\/comments\/?post=285"}],"version-history":[{"count":0,"href":"https:\/\/www.xcelsiorselection.com\/lv\/wp-json\/wp\/v2\/pages\/285\/revisions\/"}],"wp:attachment":[{"href":"https:\/\/www.xcelsiorselection.com\/lv\/wp-json\/wp\/v2\/media\/?parent=285"}],"curies":[{"name":"wp","href":"https:\/\/api.w.org\/{rel}","templated":true}]}}