

{"id":287,"date":"2014-02-15T20:44:18","date_gmt":"2014-02-15T20:44:18","guid":{"rendered":"http:\/\/www.xcelsiorselection.com\/?page_id=287"},"modified":"2017-11-16T15:17:57","modified_gmt":"2017-11-16T13:17:57","slug":"noteikumi","status":"publish","type":"page","link":"https:\/\/www.xcelsiorselection.com\/lv\/noteikumi\/","title":{"rendered":"Noteikumi un nosac\u012bjumi"},"content":{"rendered":"<p>LIETO\u0160ANAS NOTEIKUMI<\/p>\n<p>SIA Ekscelsiors (re\u0123 nr. 40003560699) uztur, koordin\u0113 un organiz\u0113 darb\u012bbu t\u012bmek\u013ca vietn\u0113 www.xcelsiorselection.com<br \/>\nInterneta veikala <a title=\"xc\" href=\"http:\/\/www.xcelsiorselection.com\/lv\/\">www.xcelsiorselection.com<\/a> lieto\u0161anas noteikumi nosaka interneta veikal\u0101 pieejamo pakalpojumu lieto\u0161anas noteikumus, kas ir saisto\u0161i visiem port\u0101la apmekl\u0113t\u0101jiem, neatkar\u012bgi no t\u0101, vai apmekl\u0113t\u0101js ir vai nav re\u0123istr\u0113ts port\u0101la lietot\u0101js.<\/p>\n<p>Lieto\u0161anas noteikumos lietotie termini:<br \/>\n<strong>E-veikals<\/strong> &#8211; apz\u012bm\u0113ta interneta t\u012bmek\u013ca vietne ar dom\u0113na v\u0101rdu <a title=\"xc\" href=\"http:\/\/www.xcelsiorselection.com\/lv\/\">xcelsiorselection.com<\/a>, kas ir iepirk\u0161an\u0101s veikals internet\u0101.<br \/>\n<strong>P\u0101rdev\u0113js<\/strong> \u2013 port\u0101la uztur\u0113t\u0101js un \u012bpa\u0161nieks, kura darb\u012bbu nosaka Latvijas Republikas sp\u0113k\u0101 eso\u0161ie normat\u012bvie akti.<br \/>\n<strong>Noteikumi<\/strong> \u2013 E-veikala lieto\u0161anas noteikumi.<br \/>\n<strong>Re\u0123istr\u0113ts lietot\u0101js<\/strong> \u2013 persona, kas ir re\u0123istr\u0113jusies port\u0101l\u0101 saska\u0146\u0101 ar \u0161iem noteikumiem.<br \/>\n<strong>Nere\u0123istr\u0113ts lietot\u0101js<\/strong> \u2013 persona, kas lieto port\u0101lu, bet nav re\u0123istr\u0113jusies \u0161ajos noteikumos noteiktaj\u0101 k\u0101rt\u012bb\u0101.<br \/>\n<strong>Port\u0101la lietot\u0101js<\/strong> \u2013 fiziska vai juridiska persona, kas lieto port\u0101lu, neatkar\u012bgi no t\u0101 vai tas ir\/nav re\u0123istr\u0113jies port\u0101l\u0101.<br \/>\n<strong>Klients<\/strong> \u2013 (fiziska vai juridiska persona), kas veic pirkumu <a title=\"xc\" href=\"http:\/\/www.xcelsiorselection.com\/lv\/\">www.xcelsiorselection.com<\/a>.<\/p>\n<p>1. VISP\u0100R\u012aGIE NOTEIKUMI<\/p>\n<p>\u0160ie noteikumi ir juridiska vieno\u0161an\u0101s starp port\u0101la lietot\u0101ju un P\u0101rdev\u0113ju. Piek\u013c\u016bstot <a title=\"xc\" href=\"http:\/\/www.xcelsiorselection.com\/lv\/\">www.xcelsiorselection.com<\/a>, to p\u0101rl\u016bkojot vai izmantojot, Port\u0101la lietot\u0101js atz\u012bst, ka ir izlas\u012bjis, sapratis un piekritis \u0161iem noteikumiem un ap\u0146emas iev\u0113rot tos un citus Latvijas Republik\u0101 sp\u0113k\u0101 eso\u0161os normat\u012bvos aktus, kas regul\u0113 P\u0101rdev\u0113ja un port\u0101la lietot\u0101ju, Klientu tiesisk\u0101s attiec\u012bbas.<\/p>\n<p><i>xcelsior selection<\/i> izmanto\u0161ana tiek uzskat\u012bta par katra lietot\u0101ja piln\u012bgu piekri\u0161anu \u0161iem noteikumiem, t.sk. vis\u0101m tajos veiktaj\u0101m izmai\u0146\u0101m. P\u0101rdev\u0113js bez iepriek\u0161\u0113ja br\u012bdin\u0101juma jebkur\u0101 laik\u0101 var p\u0101rskat\u012bt \u0161os Noteikumus un jebkuru citu inform\u0101ciju, kas ir ietverta \u0161aj\u0101 port\u0101l\u0101. Izmai\u0146as st\u0101jas sp\u0113k\u0101 ar br\u012bdi, kad t\u0101s public\u0113tas <a title=\"xc\" href=\"http:\/\/www.xcelsiorselection.com\/lv\/\">www.xcelsiorselection.com<\/a>. P\u0101rdev\u0113js ir ties\u012bgs ar\u012b bez br\u012bdin\u0101juma un jebkur\u0101 laik\u0101 veikt uzlabojumus vai izmai\u0146as produktos, pakalpojumos vai programm\u0101s, kas ir pieejami xcelsiorselection.com. Noteikumu izmai\u0146as, kas notiku\u0161as p\u0113c Klienta pas\u016bt\u012bjuma veik\u0161anas, neattiecas uz veikto pas\u016bt\u012bjumu. Klientam pakalpojums tiek sniegts pamatojoties uz to noteikumu redakciju, kas bija sp\u0113k\u0101 laik\u0101, kad tika noform\u0113ts Klienta pas\u016bt\u012bjums.<\/p>\n<p>2. PAS\u016aT\u012aJUMA NOFORM\u0112\u0160ANA UN IZPILDES TERMI\u0145I<\/p>\n<p>Visas cenas <a title=\"xc\" href=\"http:\/\/www.xcelsiorselection.com\/lv\/\">www.xcelsiorselection.com<\/a> nor\u0101d\u012btas EUR (euro) un ietver visus paredz\u0113tos nodok\u013cus. Nor\u0101d\u012bt\u0101s pre\u010du cenas ir sp\u0113k\u0101 l\u012bdz br\u012bdim, kam\u0113r ir pieejama prece. Par pirkumu j\u0101maks\u0101 veikal\u0101 nor\u0101d\u012bt\u0101 preces cena un pieg\u0101des izmaksas, kas tiek apr\u0113\u0137in\u0101tas pirms maks\u0101juma veik\u0161anas.<br \/>\nPas\u016bt\u012bjuma izpildes termi\u0146\u0161 ir 3-5 darba dienas. Katrs pirkums tiek individu\u0101li sagatavots \u0161\u012b termi\u0146a ietvaros un p\u0113c tam nodots izs\u016bt\u012b\u0161anai.<\/p>\n<p>3. APMAKSA<\/p>\n<p>Maks\u0101jumus var veikt\u00a0ar VISA, VISA ELECTRON, MAESTRO un MASTERCARD nor\u0113\u0137inu kart\u0113m.<\/p>\n<p>4. PIEG\u0100DE<\/p>\n<p>Visas pieg\u0101des iesp\u0113jas apkopotas <a title=\"piegade &amp; apmaksa\" href=\"\/?page_id=9748\" target=\"_blank\"><span style=\"color: #000080;\">Pieg\u0101de un Apmaksa<\/span><\/a> lap\u0101.<br \/>\nJa Klients Latvijas robe\u017e\u0101s nav sa\u0146\u0113mis savu pas\u016bt\u012bjumu 15 dienas laik\u0101 no nos\u016bt\u012b\u0161anas dienas, tas par \u0161o faktu inform\u0113 P\u0101rdev\u0113ju, nos\u016btot inform\u0101ciju uz pa e-pastu <a href=\"mailto:centrs@xcelsior.lv\">centrs@xcelsior.lv<\/a> nor\u0101dot sava pirkuma numuru un datumu.<\/p>\n<p>5. PRECES ATGRIE\u0160ANA<\/p>\n<p>Preces atgrie\u0161anas iesp\u0113jas atrodamas<span style=\"color: #000000;\">\u00a0<\/span><a title=\"garantija &amp; atgrie\u0161ana\" href=\"\/?page_id=9745\" target=\"_blank\"><span style=\"color: #000080;\">Garantija un Pre\u010du atgrie\u0161ana<\/span><\/a> lap\u0101.<\/p>\n<p>6. KONFIDENCIALIT\u0100TE<\/p>\n<p>Re\u0123istr\u0113joties k\u0101 lietot\u0101js, persona piekr\u012bt datu apstr\u0101dei (izmanto\u0161anai) saska\u0146\u0101 ar Latvijas Republikas sp\u0113k\u0101 eso\u0161ajiem ties\u012bbu aktiem, kuru veic P\u0101rdev\u0113js, un tie tiks izmantoti, lai nodro\u0161in\u0101tu pakalpojumus, ko pied\u0101v\u0101 <a title=\"xc\" href=\"http:\/\/www.xcelsiorselection.com\/lv\/\">www.xcelsiorselection.com<\/a>. <em>x<\/em><i>celsior selection<\/i> ap\u0146emas nodro\u0161in\u0101t J\u016bsu priv\u0101tumu un priv\u0101to datu aizsardz\u012bbu, un ap\u0146emas neizpaust un nenodot J\u016bsu sniegto person\u012bgo inform\u0101ciju tre\u0161aj\u0101m person\u0101m. P\u0101rdev\u0113js nav atbild\u012bgs par inform\u0101cijas, kuru Klients nor\u0101da re\u0123istr\u0101cija form\u0101, precizit\u0101ti, pareiz\u012bbu un ticam\u012bbu.<\/p>\n<p>Piekr\u012btot k\u013c\u016bt par re\u0123istr\u0113tu Lietot\u0101ju, personai ir j\u0101nor\u0101da akt\u012bva, Lietot\u0101jam pieejama e-pasta adrese. Ievadot paroli, Lietot\u0101js uz\u0146emas visu atbild\u012bbu par \u0161\u012bs paroles dro\u0161umu un nepieejam\u012bbu tre\u0161aj\u0101m person\u0101m.<\/p>\n<p>7. STR\u012aDU ATRISIN\u0100\u0160ANA UN PU\u0160U ATBILD\u012aBA<\/p>\n<p>Visus str\u012bdus un nesaska\u0146as, kas rodas pre\u010du pas\u016bt\u012bjuma izpildes laik\u0101, Puses risina p\u0101rrunu ce\u013c\u0101. Ja Puses str\u012bd\u012bgajos jaut\u0101jumos nesp\u0113j vienoties p\u0101rrunu ce\u013c\u0101, t\u0101s str\u012bda atrisin\u0101\u0161anai pieaicina sertific\u0113tu mediatoru. Min\u0113tais neat\u0146em Pus\u0113m ties\u012bbas str\u012bda izskat\u012b\u0161anu nodot Latvijas Republikas ties\u0101.<\/p>\n<p>8. NOSL\u0112GUMA NOTEIKUMI<\/p>\n<p>Jaut\u0101jumi, kas nav regul\u0113ti \u0161aj\u0101 l\u012bgum\u0101, Puses risina saska\u0146\u0101 ar sp\u0113k\u0101 eso\u0161\u0101m ties\u012bbu norm\u0101m. Visos citos jaut\u0101jumos, ko neparedz \u0161\u0101 L\u012bguma noteikumi, Puses vad\u0101s p\u0113c sp\u0113k\u0101 eso\u0161\u0101s Latvijas Republikas likumdo\u0161anas. Lieto\u0161anas noteikumi ir sp\u0113k\u0101 no 2015.gada 1.febru\u0101ra.<\/p>\n","protected":false},"excerpt":{"rendered":"<p>LIETO\u0160ANAS NOTEIKUMI SIA Ekscelsiors (re\u0123 nr. 40003560699) uztur, koordin\u0113 un organiz\u0113 darb\u012bbu t\u012bmek\u013ca vietn\u0113 www.xcelsiorselection.com Interneta veikala www.xcelsiorselection.com lieto\u0161anas noteikumi nosaka interneta veikal\u0101 pieejamo pakalpojumu lieto\u0161anas noteikumus, kas ir saisto\u0161i visiem port\u0101la apmekl\u0113t\u0101jiem, neatkar\u012bgi no t\u0101, vai apmekl\u0113t\u0101js ir vai nav re\u0123istr\u0113ts port\u0101la lietot\u0101js. Lieto\u0161anas noteikumos lietotie termini: E-veikals &#8211; apz\u012bm\u0113ta interneta t\u012bmek\u013ca vietne ar [&hellip;]<\/p>\n","protected":false},"author":1,"featured_media":0,"parent":0,"menu_order":0,"comment_status":"closed","ping_status":"open","template":"page-blank-title-center.php","meta":{"footnotes":""},"_links":{"self":[{"href":"https:\/\/www.xcelsiorselection.com\/lv\/wp-json\/wp\/v2\/pages\/287\/"}],"collection":[{"href":"https:\/\/www.xcelsiorselection.com\/lv\/wp-json\/wp\/v2\/pages\/"}],"about":[{"href":"https:\/\/www.xcelsiorselection.com\/lv\/wp-json\/wp\/v2\/types\/page\/"}],"author":[{"embeddable":true,"href":"https:\/\/www.xcelsiorselection.com\/lv\/wp-json\/wp\/v2\/users\/1\/"}],"replies":[{"embeddable":true,"href":"https:\/\/www.xcelsiorselection.com\/lv\/wp-json\/wp\/v2\/comments\/?post=287"}],"version-history":[{"count":0,"href":"https:\/\/www.xcelsiorselection.com\/lv\/wp-json\/wp\/v2\/pages\/287\/revisions\/"}],"wp:attachment":[{"href":"https:\/\/www.xcelsiorselection.com\/lv\/wp-json\/wp\/v2\/media\/?parent=287"}],"curies":[{"name":"wp","href":"https:\/\/api.w.org\/{rel}","templated":true}]}}