

{"id":291,"date":"2014-02-15T20:42:15","date_gmt":"2014-02-15T20:42:15","guid":{"rendered":"http:\/\/www.xcelsiorselection.com\/?page_id=291"},"modified":"2014-02-17T01:31:21","modified_gmt":"2014-02-16T23:31:21","slug":"pay","status":"publish","type":"page","link":"https:\/\/www.xcelsiorselection.com\/lv\/noformet-pirkumu\/pay\/","title":{"rendered":"Nor\u0113\u0137in\u0101ties"},"content":{"rendered":"<p>[woocommerce_pay]<\/p>\n","protected":false},"excerpt":{"rendered":"<p>[woocommerce_pay]<\/p>\n","protected":false},"author":1,"featured_media":0,"parent":305,"menu_order":0,"comment_status":"closed","ping_status":"open","template":"","meta":{"footnotes":""},"_links":{"self":[{"href":"https:\/\/www.xcelsiorselection.com\/lv\/wp-json\/wp\/v2\/pages\/291\/"}],"collection":[{"href":"https:\/\/www.xcelsiorselection.com\/lv\/wp-json\/wp\/v2\/pages\/"}],"about":[{"href":"https:\/\/www.xcelsiorselection.com\/lv\/wp-json\/wp\/v2\/types\/page\/"}],"author":[{"embeddable":true,"href":"https:\/\/www.xcelsiorselection.com\/lv\/wp-json\/wp\/v2\/users\/1\/"}],"replies":[{"embeddable":true,"href":"https:\/\/www.xcelsiorselection.com\/lv\/wp-json\/wp\/v2\/comments\/?post=291"}],"version-history":[{"count":0,"href":"https:\/\/www.xcelsiorselection.com\/lv\/wp-json\/wp\/v2\/pages\/291\/revisions\/"}],"up":[{"embeddable":true,"href":"https:\/\/www.xcelsiorselection.com\/lv\/wp-json\/wp\/v2\/pages\/305\/"}],"wp:attachment":[{"href":"https:\/\/www.xcelsiorselection.com\/lv\/wp-json\/wp\/v2\/media\/?parent=291"}],"curies":[{"name":"wp","href":"https:\/\/api.w.org\/{rel}","templated":true}]}}