

{"id":10046,"date":"2015-03-26T11:43:43","date_gmt":"2015-03-26T09:43:43","guid":{"rendered":"http:\/\/www.xcelsiorselection.com\/product\/mama-reindeer-2\/"},"modified":"2015-03-27T18:49:58","modified_gmt":"2015-03-27T16:49:58","slug":"mama-reindeer","status":"publish","type":"product","link":"https:\/\/www.xcelsiorselection.com\/lv\/product\/mama-reindeer\/","title":{"rendered":"Brie\u017eu mamma"},"content":{"rendered":"<div id=\"tab-description\">\n<p>N\u012bderlandes m\u0101ksliniece Anne-Claire Petit pied\u0101v\u0101 ar roku darin\u0101tas rota\u013clietas un aksesu\u0101rus, izpau\u017eot savu patieso m\u012blest\u012bbu tradicion\u0101lam amatnieku darbam.<\/p>\n<p>Brie\u017eu mamma ir tambor\u0113ta no organisk\u0101s kokvilnas un t\u0101 nes\u012bs jautr\u012bbu un prieku gan lieliem, gan maziem.<\/p>\n<p>Roku darbs<\/p>\n<\/div>\n<p>&nbsp;<\/p>\n<p>&nbsp;<\/p>\n","protected":false},"excerpt":{"rendered":"<p>Dizains: Anne-Claire Petit<br \/>\nIzm\u0113rs: 21 x 80 cm<br \/>\nKr\u0101sa: multi, tum\u0161i pel\u0113ka-str\u012bpaina<br \/>\nMateri\u0101ls: kokvilna. Roku darbs<\/p>\n","protected":false},"featured_media":0,"comment_status":"closed","ping_status":"closed","template":"","meta":[],"_links":{"self":[{"href":"https:\/\/www.xcelsiorselection.com\/lv\/wp-json\/wp\/v2\/product\/10046\/"}],"collection":[{"href":"https:\/\/www.xcelsiorselection.com\/lv\/wp-json\/wp\/v2\/product\/"}],"about":[{"href":"https:\/\/www.xcelsiorselection.com\/lv\/wp-json\/wp\/v2\/types\/product\/"}],"replies":[{"embeddable":true,"href":"https:\/\/www.xcelsiorselection.com\/lv\/wp-json\/wp\/v2\/comments\/?post=10046"}],"wp:attachment":[{"href":"https:\/\/www.xcelsiorselection.com\/lv\/wp-json\/wp\/v2\/media\/?parent=10046"}],"curies":[{"name":"wp","href":"https:\/\/api.w.org\/{rel}","templated":true}]}}