

{"id":10054,"date":"2015-03-26T14:09:35","date_gmt":"2015-03-26T12:09:35","guid":{"rendered":"http:\/\/www.xcelsiorselection.com\/product\/reindeer-2\/"},"modified":"2015-03-26T19:44:16","modified_gmt":"2015-03-26T17:44:16","slug":"reindeer","status":"publish","type":"product","link":"https:\/\/www.xcelsiorselection.com\/lv\/product\/reindeer\/","title":{"rendered":"Bried\u012btis"},"content":{"rendered":"<p>N\u012bderlandes m\u0101ksliniece Anne-Claire Petit pied\u0101v\u0101 ar roku darin\u0101tas rota\u013clietas un aksesu\u0101rus, izpau\u017eot savu patieso m\u012blest\u012bbu tradicion\u0101lam amatnieku darbam.<\/p>\n<p>Str\u012bpainais bried\u012btis mekl\u0113 draugu neb\u0113dn\u012bgiem piedz\u012bvojumiem! Roku darbs, tambor\u0113ts izmantojot organisko kokvilnu.<\/p>\n","protected":false},"excerpt":{"rendered":"<p>Dizains: Anne-Claire Petit<br \/>\nIzm\u0113rs: 15 x 28 cm<br \/>\nKr\u0101sa: str\u012bpaina<br \/>\nMateri\u0101ls: kokvilna. Roku darbs<\/p>\n","protected":false},"featured_media":0,"comment_status":"closed","ping_status":"closed","template":"","meta":[],"_links":{"self":[{"href":"https:\/\/www.xcelsiorselection.com\/lv\/wp-json\/wp\/v2\/product\/10054\/"}],"collection":[{"href":"https:\/\/www.xcelsiorselection.com\/lv\/wp-json\/wp\/v2\/product\/"}],"about":[{"href":"https:\/\/www.xcelsiorselection.com\/lv\/wp-json\/wp\/v2\/types\/product\/"}],"replies":[{"embeddable":true,"href":"https:\/\/www.xcelsiorselection.com\/lv\/wp-json\/wp\/v2\/comments\/?post=10054"}],"wp:attachment":[{"href":"https:\/\/www.xcelsiorselection.com\/lv\/wp-json\/wp\/v2\/media\/?parent=10054"}],"curies":[{"name":"wp","href":"https:\/\/api.w.org\/{rel}","templated":true}]}}