

{"id":10070,"date":"2015-03-26T15:38:53","date_gmt":"2015-03-26T13:38:53","guid":{"rendered":"http:\/\/www.xcelsiorselection.com\/product\/meerkat-2\/"},"modified":"2015-03-26T20:28:10","modified_gmt":"2015-03-26T18:28:10","slug":"meerkat","status":"publish","type":"product","link":"https:\/\/www.xcelsiorselection.com\/lv\/product\/meerkat\/","title":{"rendered":"Surik\u0101ts"},"content":{"rendered":"<p>N\u012bderlandes m\u0101ksliniece Anne-Claire Petit pied\u0101v\u0101 ar roku darin\u0101tas rota\u013clietas un aksesu\u0101rus, izpau\u017eot savu patieso m\u012blest\u012bbu tradicion\u0101lam amatnieku darbam.<\/p>\n<p>\u0160is draudz\u012bgais surik\u0101ts k\u013c\u016bs par draugu k\u0101 b\u0113rniem, t\u0101 cit\u0101m rota\u013cliet\u0101m! Tambor\u0113ts no organisk\u0101s kokvilnas, roku darbs.<\/p>\n","protected":false},"excerpt":{"rendered":"<p>Dizains: Anne-Claire Petit<br \/>\nIzm\u0113rs: 10 x 28 cm<br \/>\nKr\u0101sa: \u0161okol\u0101de, sarkana<br \/>\nMateri\u0101ls: kokvilna<\/p>\n","protected":false},"featured_media":0,"comment_status":"closed","ping_status":"closed","template":"","meta":[],"_links":{"self":[{"href":"https:\/\/www.xcelsiorselection.com\/lv\/wp-json\/wp\/v2\/product\/10070\/"}],"collection":[{"href":"https:\/\/www.xcelsiorselection.com\/lv\/wp-json\/wp\/v2\/product\/"}],"about":[{"href":"https:\/\/www.xcelsiorselection.com\/lv\/wp-json\/wp\/v2\/types\/product\/"}],"replies":[{"embeddable":true,"href":"https:\/\/www.xcelsiorselection.com\/lv\/wp-json\/wp\/v2\/comments\/?post=10070"}],"wp:attachment":[{"href":"https:\/\/www.xcelsiorselection.com\/lv\/wp-json\/wp\/v2\/media\/?parent=10070"}],"curies":[{"name":"wp","href":"https:\/\/api.w.org\/{rel}","templated":true}]}}