

{"id":10450,"date":"2015-03-30T15:03:29","date_gmt":"2015-03-30T13:03:29","guid":{"rendered":"http:\/\/www.xcelsiorselection.com\/product\/zebra-head-2\/"},"modified":"2015-03-30T15:08:23","modified_gmt":"2015-03-30T13:08:23","slug":"zebra-head","status":"publish","type":"product","link":"https:\/\/www.xcelsiorselection.com\/lv\/product\/zebra-head\/","title":{"rendered":"Zebras galva"},"content":{"rendered":"<p>N\u012bderlandes m\u0101ksliniece Anne-Claire Petit pied\u0101v\u0101 ar roku darin\u0101tas rota\u013clietas un aksesu\u0101rus, izpau\u017eot savu patieso m\u012blest\u012bbu tradicion\u0101lam amatnieku darbam.<\/p>\n<p>\u0160\u012b kr\u0101sain\u0101, ar rok\u0101m tabor\u0113t\u0101, zebras galva, lieliski papildin\u0101s interjeru, pie\u0161\u0137irot tam rota\u013c\u012bgu efektu. Dekor\u0101 ir ietambor\u0113ta cilpa, ar kuras pal\u012bdz\u012bbu zebras galvu var\u0113s viegli piek\u0101rt pie sienas.<\/p>\n<p>Dekors darin\u0101ts no organisk\u0101s kokvilnas.<\/p>\n","protected":false},"excerpt":{"rendered":"<p>Dizains: Anne-Claire Petit<br \/>\nIzm\u0113rs:\u00a039 x 16 x 35 cm<br \/>\nKr\u0101sa: str\u012bpaina<br \/>\nMateri\u0101ls: kokvilna<br \/>\nRoku darbs<\/p>\n","protected":false},"featured_media":10498,"comment_status":"closed","ping_status":"closed","template":"","meta":[],"_links":{"self":[{"href":"https:\/\/www.xcelsiorselection.com\/lv\/wp-json\/wp\/v2\/product\/10450\/"}],"collection":[{"href":"https:\/\/www.xcelsiorselection.com\/lv\/wp-json\/wp\/v2\/product\/"}],"about":[{"href":"https:\/\/www.xcelsiorselection.com\/lv\/wp-json\/wp\/v2\/types\/product\/"}],"replies":[{"embeddable":true,"href":"https:\/\/www.xcelsiorselection.com\/lv\/wp-json\/wp\/v2\/comments\/?post=10450"}],"wp:featuredmedia":[{"embeddable":true,"href":"https:\/\/www.xcelsiorselection.com\/lv\/wp-json\/wp\/v2\/media\/10498\/"}],"wp:attachment":[{"href":"https:\/\/www.xcelsiorselection.com\/lv\/wp-json\/wp\/v2\/media\/?parent=10450"}],"curies":[{"name":"wp","href":"https:\/\/api.w.org\/{rel}","templated":true}]}}