

{"id":10459,"date":"2015-03-30T16:15:45","date_gmt":"2015-03-30T14:15:45","guid":{"rendered":"http:\/\/www.xcelsiorselection.com\/product\/crocheted-television-2\/"},"modified":"2015-03-31T13:47:19","modified_gmt":"2015-03-31T11:47:19","slug":"crocheted-television","status":"publish","type":"product","link":"https:\/\/www.xcelsiorselection.com\/lv\/product\/crocheted-television\/","title":{"rendered":"Tambor\u0113ts televizors"},"content":{"rendered":"<p>N\u012bderlandes m\u0101ksliniece Anne-Claire Petit pied\u0101v\u0101 ar roku darin\u0101tas rota\u013clietas un aksesu\u0101rus, izpau\u017eot savu patieso m\u012blest\u012bbu tradicion\u0101lam amatnieku darbam.<\/p>\n<p>\u0160is jautrais retro televizors ir klasika, kas b\u016bs unik\u0101la d\u0101vana vai dekors istabai. Ar roku tambor\u0113tais, senlaic\u012bgais televizors ir ar antenu, sl\u0113d\u017eiem un&#8230; ap\u0161aub\u0101mu bildes kvalit\u0101ti.<\/p>\n<p>Var mazg\u0101t ve\u013casma\u0161\u012bn\u0101\u00a030\u00b0C<\/p>\n","protected":false},"excerpt":{"rendered":"<p>Dizains: Anne-Claire Petit<br \/>\nIzm\u0113rs: 30 x 8 x 25 cm<br \/>\nKr\u0101sa: multi<br \/>\nMateri\u0101ls: organiska kokvilna<\/p>\n","protected":false},"featured_media":10507,"comment_status":"closed","ping_status":"closed","template":"","meta":[],"_links":{"self":[{"href":"https:\/\/www.xcelsiorselection.com\/lv\/wp-json\/wp\/v2\/product\/10459\/"}],"collection":[{"href":"https:\/\/www.xcelsiorselection.com\/lv\/wp-json\/wp\/v2\/product\/"}],"about":[{"href":"https:\/\/www.xcelsiorselection.com\/lv\/wp-json\/wp\/v2\/types\/product\/"}],"replies":[{"embeddable":true,"href":"https:\/\/www.xcelsiorselection.com\/lv\/wp-json\/wp\/v2\/comments\/?post=10459"}],"wp:featuredmedia":[{"embeddable":true,"href":"https:\/\/www.xcelsiorselection.com\/lv\/wp-json\/wp\/v2\/media\/10507\/"}],"wp:attachment":[{"href":"https:\/\/www.xcelsiorselection.com\/lv\/wp-json\/wp\/v2\/media\/?parent=10459"}],"curies":[{"name":"wp","href":"https:\/\/api.w.org\/{rel}","templated":true}]}}