

{"id":10462,"date":"2015-03-30T16:33:32","date_gmt":"2015-03-30T14:33:32","guid":{"rendered":"http:\/\/www.xcelsiorselection.com\/product\/mama-pinguin-2\/"},"modified":"2015-03-30T16:39:42","modified_gmt":"2015-03-30T14:39:42","slug":"mama-pinguin","status":"publish","type":"product","link":"https:\/\/www.xcelsiorselection.com\/lv\/product\/mama-pinguin\/","title":{"rendered":"Pingv\u012bnu mamma"},"content":{"rendered":"<p>N\u012bderlandes m\u0101ksliniece Anne-Claire Petit pied\u0101v\u0101 ar roku darin\u0101tas rota\u013clietas un aksesu\u0101rus, izpau\u017eot savu patieso m\u012blest\u012bbu tradicion\u0101lam amatnieku darbam.<\/p>\n<p>Ar rok\u0101m tambor\u0113t\u0101 pingv\u012bnu mamma mekl\u0113 jaukas m\u0101jas. Rota\u013clieta b\u016bs burv\u012bgs dekorat\u012bvs aksesu\u0101rs, k\u0101 ar\u012b m\u012bksts draugs, ko sam\u012b\u013cot.<\/p>\n<p>Pingv\u012bnu mamma ir tambor\u0113ta no maigas, 100% organiskas kokvilnas un to var mazg\u0101t ve\u013casma\u0161\u012bn\u0101\u00a030\u00b0C.<\/p>\n","protected":false},"excerpt":{"rendered":"<p>Dizains: Anne-Claire Petit<br \/>\nIzm\u0113rs:\u00a023 x 35 cm<br \/>\nKr\u0101sa: melna<br \/>\nMateri\u0101ls: organisk\u0101 kokvilna<\/p>\n","protected":false},"featured_media":10510,"comment_status":"closed","ping_status":"closed","template":"","meta":[],"_links":{"self":[{"href":"https:\/\/www.xcelsiorselection.com\/lv\/wp-json\/wp\/v2\/product\/10462\/"}],"collection":[{"href":"https:\/\/www.xcelsiorselection.com\/lv\/wp-json\/wp\/v2\/product\/"}],"about":[{"href":"https:\/\/www.xcelsiorselection.com\/lv\/wp-json\/wp\/v2\/types\/product\/"}],"replies":[{"embeddable":true,"href":"https:\/\/www.xcelsiorselection.com\/lv\/wp-json\/wp\/v2\/comments\/?post=10462"}],"wp:featuredmedia":[{"embeddable":true,"href":"https:\/\/www.xcelsiorselection.com\/lv\/wp-json\/wp\/v2\/media\/10510\/"}],"wp:attachment":[{"href":"https:\/\/www.xcelsiorselection.com\/lv\/wp-json\/wp\/v2\/media\/?parent=10462"}],"curies":[{"name":"wp","href":"https:\/\/api.w.org\/{rel}","templated":true}]}}