

{"id":1049,"date":"2014-03-20T15:41:06","date_gmt":"2014-03-20T13:41:06","guid":{"rendered":"http:\/\/www.xcelsiorselection.com\/product\/light-air-galda-lampa\/"},"modified":"2015-05-26T12:02:52","modified_gmt":"2015-05-26T10:02:52","slug":"light-air-galda-lampa","status":"publish","type":"product","link":"https:\/\/www.xcelsiorselection.com\/lv\/product\/light-air-galda-lampa\/","title":{"rendered":"Light-Air galda lampa"},"content":{"rendered":"<p>Kartell sadarbojas ar pasaules presti\u017e\u0101kajiem internacion\u0101lajiem dizaineriem. Kolekcijas rad\u012btas multifunkcion\u0101las, kuras ir viegli lietot un t\u0101s atsvaidzina interjeru. Kr\u0101sa, ironija, caursp\u012bd\u012bgums, kvalit\u0101te un interesant\u0101s formas rada unik\u0101lus dizaina priek\u0161metus, kas atpaz\u012bstami vis\u0101 pasaul\u0113. Daudzi no Kartell produktiem sa\u0146\u0113mu\u0161i atzin\u012bgus pasaules dizaina apbalvojumus.<\/p>\n<p>Galda lampa ar il\u016bzijas efektu, kas ignor\u0113 gravit\u0101tes likumu.<br \/>\nLight-Air ir stabila, moderna un raciaon\u0101la, bet taj\u0101 pa\u0161\u0101 laik\u0101 rada ma\u0123isku efektu.<\/p>\n","protected":false},"excerpt":{"rendered":"<p><a href=\"http:\/\/www.xcelsiorselection.com\/wp-content\/uploads\/2015\/05\/kartell.jpg\"><img loading=\"lazy\" decoding=\"async\" alt=\"kartell\" src=\"http:\/\/www.xcelsiorselection.com\/wp-content\/uploads\/2015\/05\/kartell.jpg\" width=\"133\" height=\"38\" \/><\/a><\/p>\n<p>Ra\u017eot\u0101js: Kartell<br \/>\nDizains: Eugeni Quitllet<br \/>\nKr\u0101sas: b\u0113\u0161a, roz\u0101, gaisi zila<br \/>\nMateri\u0101li: caursp\u012bd\u012bgs vai kr\u0101sots tehnopolim\u0113ra termoplastik\u0101ts.<br \/>\nIzm\u0113ri: 17x32x7,4 cm<br \/>\n220-240 volti<br \/>\nE14 IBP max 28W halo<\/p>\n","protected":false},"featured_media":21194,"comment_status":"closed","ping_status":"closed","template":"","meta":[],"_links":{"self":[{"href":"https:\/\/www.xcelsiorselection.com\/lv\/wp-json\/wp\/v2\/product\/1049\/"}],"collection":[{"href":"https:\/\/www.xcelsiorselection.com\/lv\/wp-json\/wp\/v2\/product\/"}],"about":[{"href":"https:\/\/www.xcelsiorselection.com\/lv\/wp-json\/wp\/v2\/types\/product\/"}],"replies":[{"embeddable":true,"href":"https:\/\/www.xcelsiorselection.com\/lv\/wp-json\/wp\/v2\/comments\/?post=1049"}],"wp:featuredmedia":[{"embeddable":true,"href":"https:\/\/www.xcelsiorselection.com\/lv\/wp-json\/wp\/v2\/media\/21194\/"}],"wp:attachment":[{"href":"https:\/\/www.xcelsiorselection.com\/lv\/wp-json\/wp\/v2\/media\/?parent=1049"}],"curies":[{"name":"wp","href":"https:\/\/api.w.org\/{rel}","templated":true}]}}