

{"id":1052,"date":"2014-03-20T15:51:56","date_gmt":"2014-03-20T13:51:56","guid":{"rendered":"http:\/\/www.xcelsiorselection.com\/product\/masters-kresls\/"},"modified":"2015-05-26T11:58:25","modified_gmt":"2015-05-26T09:58:25","slug":"masters-kresls","status":"publish","type":"product","link":"https:\/\/www.xcelsiorselection.com\/lv\/product\/masters-kresls\/","title":{"rendered":"Masters kr\u0113sls"},"content":{"rendered":"<p>Masters kr\u0113sls sev\u012b iemieso 3 kr\u0113slus, kas ir pasniegti \u0123\u0113nija Filipa Starka izpild\u012bjum\u0101. \u0160aj\u0101 kr\u0113sl\u0101 savienoti &#8220;Series 7&#8221;, &#8220;Tulip Armchair&#8221; un &#8220;Eiffel Chair&#8221; kr\u0113slu dizaini. Masters kr\u0113sls ir \u013coti komfortabls un stabils, t\u0101 virsmai piem\u012bt samtains kl\u0101jums, kam ir pat\u012bkami pieskarties. T\u0101pat Masters kr\u0113sls ir praktisks un to var savietot vienu uz otra, l\u012bdz pat 4 kr\u0113sliem, kad tie netiek izmantoti.<br \/>\nMasters kr\u0113sls 2010.gad\u0101 ieguva presti\u017eo &#8220;Good Design Award&#8221; apbalvojumu.<\/p>\n","protected":false},"excerpt":{"rendered":"<p><a href=\"http:\/\/www.xcelsiorselection.com\/wp-content\/uploads\/2015\/05\/kartell.jpg\"><img loading=\"lazy\" decoding=\"async\" alt=\"kartell\" src=\"http:\/\/www.xcelsiorselection.com\/wp-content\/uploads\/2015\/05\/kartell.jpg\" width=\"133\" height=\"38\" \/><\/a><\/p>\n<p>Ra\u017eot\u0101js: Kartell<br \/>\nDizains: Philippe Starck ar Eugeni Quitlet<br \/>\nKr\u0101sas: balta, melna, r\u016bsas, za\u013ca, sinepes, pel\u0113ks<br \/>\nMateri\u0101li: Plastmasas<br \/>\nIzm\u0113ri: platums: 57cm, augstums: 84cm, dzi\u013cums: 47cm<br \/>\nS\u0113dek\u013ca augstums: 46cm<\/p>\n","protected":false},"featured_media":12309,"comment_status":"closed","ping_status":"closed","template":"","meta":[],"_links":{"self":[{"href":"https:\/\/www.xcelsiorselection.com\/lv\/wp-json\/wp\/v2\/product\/1052\/"}],"collection":[{"href":"https:\/\/www.xcelsiorselection.com\/lv\/wp-json\/wp\/v2\/product\/"}],"about":[{"href":"https:\/\/www.xcelsiorselection.com\/lv\/wp-json\/wp\/v2\/types\/product\/"}],"replies":[{"embeddable":true,"href":"https:\/\/www.xcelsiorselection.com\/lv\/wp-json\/wp\/v2\/comments\/?post=1052"}],"wp:featuredmedia":[{"embeddable":true,"href":"https:\/\/www.xcelsiorselection.com\/lv\/wp-json\/wp\/v2\/media\/12309\/"}],"wp:attachment":[{"href":"https:\/\/www.xcelsiorselection.com\/lv\/wp-json\/wp\/v2\/media\/?parent=1052"}],"curies":[{"name":"wp","href":"https:\/\/api.w.org\/{rel}","templated":true}]}}