

{"id":11236,"date":"2015-04-10T13:24:32","date_gmt":"2015-04-10T11:24:32","guid":{"rendered":"http:\/\/www.xcelsiorselection.com\/product\/maurice-2\/"},"modified":"2015-04-10T13:29:26","modified_gmt":"2015-04-10T11:29:26","slug":"maurice","status":"publish","type":"product","link":"https:\/\/www.xcelsiorselection.com\/lv\/product\/maurice\/","title":{"rendered":"Moriss"},"content":{"rendered":"<div id=\"tab-description\">\n<p>Donna Wilsone rada lietas, ko ir iedvesmojusi vi\u0146as b\u0113rn\u012bba, uzaugot Skotijas laukos. Rad\u012bt\u0101s lietas ir rota\u013c\u012bgas, visda\u017e\u0101d\u0101kaj\u0101s kr\u0101s\u0101s un nu jau iekaroju\u0161as cilv\u0113ku\u00a0sirdis vis\u0101 pasaul\u0113.<br \/>\nL\u0101cim Morisam gar\u0161o\u00a0kamamb\u0113ras siers un vi\u0146am pat\u012bk vakari\u0146u vies\u012bbas.<br \/>\nKop\u0161ana: saudz\u012bga mazg\u0101\u0161ana ar rok\u0101m vai \u0137\u012bmisk\u0101 t\u012br\u012b\u0161ana.<\/p>\n<\/div>\n","protected":false},"excerpt":{"rendered":"<p>Dizains: Donna Wison.<br \/>\nMateri\u0101ls: 100% aitas vilna ar poliestera pild\u012bjumu<br \/>\nKr\u0101sa: br\u016bna\/zila<br \/>\nIzm\u0113rs: 39 cm<\/p>\n","protected":false},"featured_media":11395,"comment_status":"closed","ping_status":"closed","template":"","meta":[],"_links":{"self":[{"href":"https:\/\/www.xcelsiorselection.com\/lv\/wp-json\/wp\/v2\/product\/11236\/"}],"collection":[{"href":"https:\/\/www.xcelsiorselection.com\/lv\/wp-json\/wp\/v2\/product\/"}],"about":[{"href":"https:\/\/www.xcelsiorselection.com\/lv\/wp-json\/wp\/v2\/types\/product\/"}],"replies":[{"embeddable":true,"href":"https:\/\/www.xcelsiorselection.com\/lv\/wp-json\/wp\/v2\/comments\/?post=11236"}],"wp:featuredmedia":[{"embeddable":true,"href":"https:\/\/www.xcelsiorselection.com\/lv\/wp-json\/wp\/v2\/media\/11395\/"}],"wp:attachment":[{"href":"https:\/\/www.xcelsiorselection.com\/lv\/wp-json\/wp\/v2\/media\/?parent=11236"}],"curies":[{"name":"wp","href":"https:\/\/api.w.org\/{rel}","templated":true}]}}