

{"id":11239,"date":"2015-04-10T13:35:50","date_gmt":"2015-04-10T11:35:50","guid":{"rendered":"http:\/\/www.xcelsiorselection.com\/product\/charlie-monkey-2\/"},"modified":"2015-04-10T13:38:16","modified_gmt":"2015-04-10T11:38:16","slug":"charlie-monkey","status":"publish","type":"product","link":"https:\/\/www.xcelsiorselection.com\/lv\/product\/charlie-monkey\/","title":{"rendered":"M\u0113rka\u0137\u0113ns \u010c\u0101rlijs"},"content":{"rendered":"<p>Donna Wilsone rada lietas, ko ir iedvesmojusi vi\u0146as b\u0113rn\u012bba, uzaugot Skotijas laukos. Rad\u012bt\u0101s lietas ir rota\u013c\u012bgas, visda\u017e\u0101d\u0101kaj\u0101s kr\u0101s\u0101s un nu jau iekaroju\u0161as cilv\u0113ku\u00a0sirdis vis\u0101 pasaul\u0113.<br \/>\n\u010c\u0101rlijam pat\u012bk izcelties p\u016bl\u012b. Vi\u0146\u0161 m\u012bl dejo\u0161anu, bet m\u0113rka\u0137\u0113nam nepat\u012bk p\u0113rkons un zibe\u0146o\u0161ana.<br \/>\nKop\u0161ana: saudz\u012bga mazg\u0101\u0161ana ar rok\u0101m vai \u0137\u012bmisk\u0101 t\u012br\u012b\u0161ana.<\/p>\n<p>.<\/p>\n","protected":false},"excerpt":{"rendered":"<p>Dizains: Donna Wison.<br \/>\nMateri\u0101ls: 100% aitas vilna ar poliestera pild\u012bjumu<br \/>\nKr\u0101sa: pel\u0113ka<br \/>\nIzm\u0113rs: 55 cm<\/p>\n","protected":false},"featured_media":11398,"comment_status":"closed","ping_status":"closed","template":"","meta":[],"_links":{"self":[{"href":"https:\/\/www.xcelsiorselection.com\/lv\/wp-json\/wp\/v2\/product\/11239\/"}],"collection":[{"href":"https:\/\/www.xcelsiorselection.com\/lv\/wp-json\/wp\/v2\/product\/"}],"about":[{"href":"https:\/\/www.xcelsiorselection.com\/lv\/wp-json\/wp\/v2\/types\/product\/"}],"replies":[{"embeddable":true,"href":"https:\/\/www.xcelsiorselection.com\/lv\/wp-json\/wp\/v2\/comments\/?post=11239"}],"wp:featuredmedia":[{"embeddable":true,"href":"https:\/\/www.xcelsiorselection.com\/lv\/wp-json\/wp\/v2\/media\/11398\/"}],"wp:attachment":[{"href":"https:\/\/www.xcelsiorselection.com\/lv\/wp-json\/wp\/v2\/media\/?parent=11239"}],"curies":[{"name":"wp","href":"https:\/\/api.w.org\/{rel}","templated":true}]}}