

{"id":11242,"date":"2015-04-10T13:45:10","date_gmt":"2015-04-10T11:45:10","guid":{"rendered":"http:\/\/www.xcelsiorselection.com\/product\/mono-cat-2\/"},"modified":"2016-01-23T12:40:52","modified_gmt":"2016-01-23T10:40:52","slug":"mono-cat","status":"publish","type":"product","link":"https:\/\/www.xcelsiorselection.com\/lv\/product\/mono-cat\/","title":{"rendered":"Ka\u0137is &#8211; Mono"},"content":{"rendered":"<p>Donna Wilsone rada lietas, ko ir iedvesmojusi vi\u0146as b\u0113rn\u012bba, uzaugot Skotijas laukos. Rad\u012bt\u0101s lietas ir rota\u013c\u012bgas, visda\u017e\u0101d\u0101kaj\u0101s kr\u0101s\u0101s un nu jau iekaroju\u0161as cilv\u0113ku\u00a0sirdis vis\u0101 pasaul\u0113.<br \/>\nKa\u0137is Mono m\u012bl piparm\u0113tru <em>Hambugs<\/em> karameles un vi\u0146am pat\u012bk \u0161\u0137\u0113rsot g\u0101j\u0113ju p\u0101rejas.<br \/>\nKop\u0161ana: saudz\u012bga mazg\u0101\u0161ana ar rok\u0101m vai \u0137\u012bmisk\u0101 t\u012br\u012b\u0161ana.<\/p>\n","protected":false},"excerpt":{"rendered":"<p>Dizains: Donna Wilson<br \/>\nMateri\u0101ls: 100% aitas vilna ar poliestera pild\u012bjumu<br \/>\nKr\u0101sa: melna\/balta<br \/>\nIzm\u0113rs: 24 cm<\/p>\n","protected":false},"featured_media":11401,"comment_status":"closed","ping_status":"closed","template":"","meta":[],"_links":{"self":[{"href":"https:\/\/www.xcelsiorselection.com\/lv\/wp-json\/wp\/v2\/product\/11242\/"}],"collection":[{"href":"https:\/\/www.xcelsiorselection.com\/lv\/wp-json\/wp\/v2\/product\/"}],"about":[{"href":"https:\/\/www.xcelsiorselection.com\/lv\/wp-json\/wp\/v2\/types\/product\/"}],"replies":[{"embeddable":true,"href":"https:\/\/www.xcelsiorselection.com\/lv\/wp-json\/wp\/v2\/comments\/?post=11242"}],"wp:featuredmedia":[{"embeddable":true,"href":"https:\/\/www.xcelsiorselection.com\/lv\/wp-json\/wp\/v2\/media\/11401\/"}],"wp:attachment":[{"href":"https:\/\/www.xcelsiorselection.com\/lv\/wp-json\/wp\/v2\/media\/?parent=11242"}],"curies":[{"name":"wp","href":"https:\/\/api.w.org\/{rel}","templated":true}]}}