

{"id":11293,"date":"2015-04-14T11:43:10","date_gmt":"2015-04-14T09:43:10","guid":{"rendered":"http:\/\/www.xcelsiorselection.com\/product\/bear-friends-tea-towel-2\/"},"modified":"2015-04-14T11:45:06","modified_gmt":"2015-04-14T09:45:06","slug":"bear-friends-tea-towel","status":"publish","type":"product","link":"https:\/\/www.xcelsiorselection.com\/lv\/product\/bear-friends-tea-towel\/","title":{"rendered":"Virtuves dvielis &#8211; draudz\u012bgie l\u0101\u010di"},"content":{"rendered":"<p>Donna Wilsone rada lietas, ko ir iedvesmojusi vi\u0146as b\u0113rn\u012bba, uzaugot Skotijas laukos. Rad\u012bt\u0101s lietas ir rota\u013c\u012bgas, visda\u017e\u0101d\u0101kaj\u0101s kr\u0101s\u0101s un nu jau iekaroju\u0161as cilv\u0113ku sirdis vis\u0101 pasaul\u0113.<br \/>\n\u0160is skaistais dvielis ar draudz\u012bgajiem l\u0101\u010diem patiks gan b\u0113rniem, gan pieaugu\u0161ajiem!<\/p>\n","protected":false},"excerpt":{"rendered":"<p>Dizains: Donna Wison<br \/>\nMateri\u0101ls: apdruka uz augst\u0101k\u0101 labuma kokvilnas<br \/>\nIzm\u0113rs: 48\u00d780 cm<\/p>\n","protected":false},"featured_media":11419,"comment_status":"closed","ping_status":"closed","template":"","meta":[],"_links":{"self":[{"href":"https:\/\/www.xcelsiorselection.com\/lv\/wp-json\/wp\/v2\/product\/11293\/"}],"collection":[{"href":"https:\/\/www.xcelsiorselection.com\/lv\/wp-json\/wp\/v2\/product\/"}],"about":[{"href":"https:\/\/www.xcelsiorselection.com\/lv\/wp-json\/wp\/v2\/types\/product\/"}],"replies":[{"embeddable":true,"href":"https:\/\/www.xcelsiorselection.com\/lv\/wp-json\/wp\/v2\/comments\/?post=11293"}],"wp:featuredmedia":[{"embeddable":true,"href":"https:\/\/www.xcelsiorselection.com\/lv\/wp-json\/wp\/v2\/media\/11419\/"}],"wp:attachment":[{"href":"https:\/\/www.xcelsiorselection.com\/lv\/wp-json\/wp\/v2\/media\/?parent=11293"}],"curies":[{"name":"wp","href":"https:\/\/api.w.org\/{rel}","templated":true}]}}