

{"id":11315,"date":"2015-04-14T15:40:42","date_gmt":"2015-04-14T13:40:42","guid":{"rendered":"http:\/\/www.xcelsiorselection.com\/product\/mog-mug-2\/"},"modified":"2015-04-14T15:46:38","modified_gmt":"2015-04-14T13:46:38","slug":"mog-mug","status":"publish","type":"product","link":"https:\/\/www.xcelsiorselection.com\/lv\/product\/mog-mug\/","title":{"rendered":"Kr\u016bze ar ka\u0137i"},"content":{"rendered":"<p>Donna Wilsone rada lietas, ko ir iedvesmojusi vi\u0146as b\u0113rn\u012bba, uzaugot Skotijas laukos. Rad\u012bt\u0101s lietas ir rota\u013c\u012bgas, visda\u017e\u0101d\u0101kaj\u0101s kr\u0101s\u0101s un nu jau iekaroju\u0161as cilv\u0113ku sirdis vis\u0101 pasaul\u0113.<br \/>\nS\u0101c savu dienu ar r\u012bta kafiju vai t\u0113ju \u0161aj\u0101 kr\u016bz\u0113 ar m\u012bl\u012bgo ka\u0137\u0113na seju. \u0160\u012b b\u016bs burv\u012bga diena!<\/p>\n","protected":false},"excerpt":{"rendered":"<p>Dizains: Donna Wilson<br \/>\nMateri\u0101ls: 100% kaulu porcel\u0101ns<br \/>\nRoku darbs<br \/>\nIzm\u0113rs: h 8.5 cm x \u00f8 8 cm<\/p>\n","protected":false},"featured_media":11458,"comment_status":"closed","ping_status":"closed","template":"","meta":[],"_links":{"self":[{"href":"https:\/\/www.xcelsiorselection.com\/lv\/wp-json\/wp\/v2\/product\/11315\/"}],"collection":[{"href":"https:\/\/www.xcelsiorselection.com\/lv\/wp-json\/wp\/v2\/product\/"}],"about":[{"href":"https:\/\/www.xcelsiorselection.com\/lv\/wp-json\/wp\/v2\/types\/product\/"}],"replies":[{"embeddable":true,"href":"https:\/\/www.xcelsiorselection.com\/lv\/wp-json\/wp\/v2\/comments\/?post=11315"}],"wp:featuredmedia":[{"embeddable":true,"href":"https:\/\/www.xcelsiorselection.com\/lv\/wp-json\/wp\/v2\/media\/11458\/"}],"wp:attachment":[{"href":"https:\/\/www.xcelsiorselection.com\/lv\/wp-json\/wp\/v2\/media\/?parent=11315"}],"curies":[{"name":"wp","href":"https:\/\/api.w.org\/{rel}","templated":true}]}}