

{"id":11328,"date":"2015-04-14T16:17:42","date_gmt":"2015-04-14T14:17:42","guid":{"rendered":"http:\/\/www.xcelsiorselection.com\/product\/egg-cup-2\/"},"modified":"2015-04-14T16:35:01","modified_gmt":"2015-04-14T14:35:01","slug":"egg-cup","status":"publish","type":"product","link":"https:\/\/www.xcelsiorselection.com\/lv\/product\/egg-cup\/","title":{"rendered":"Olu trauci\u0146\u0161"},"content":{"rendered":"<p>Donna Wilsone rada lietas, ko ir iedvesmojusi vi\u0146as b\u0113rn\u012bba, uzaugot Skotijas laukos. Rad\u012bt\u0101s lietas ir rota\u013c\u012bgas, visda\u017e\u0101d\u0101kaj\u0101s kr\u0101s\u0101s un nu jau iekaroju\u0161as cilv\u0113ku sirdis vis\u0101 pasaul\u0113.<br \/>\nPasniedz v\u0101r\u012btas olas \u0161ajos interesantajos olu trauci\u0146os!<\/p>\n","protected":false},"excerpt":{"rendered":"<p>Dizains: Donna Wilson<br \/>\nMateri\u0101ls: 100% kaulu porcel\u0101ns<br \/>\nRoku darbs<br \/>\nIzm\u0113rs: h 6 cm x \u00f8 5 cm<\/p>\n","protected":false},"featured_media":11461,"comment_status":"closed","ping_status":"closed","template":"","meta":[],"_links":{"self":[{"href":"https:\/\/www.xcelsiorselection.com\/lv\/wp-json\/wp\/v2\/product\/11328\/"}],"collection":[{"href":"https:\/\/www.xcelsiorselection.com\/lv\/wp-json\/wp\/v2\/product\/"}],"about":[{"href":"https:\/\/www.xcelsiorselection.com\/lv\/wp-json\/wp\/v2\/types\/product\/"}],"replies":[{"embeddable":true,"href":"https:\/\/www.xcelsiorselection.com\/lv\/wp-json\/wp\/v2\/comments\/?post=11328"}],"wp:featuredmedia":[{"embeddable":true,"href":"https:\/\/www.xcelsiorselection.com\/lv\/wp-json\/wp\/v2\/media\/11461\/"}],"wp:attachment":[{"href":"https:\/\/www.xcelsiorselection.com\/lv\/wp-json\/wp\/v2\/media\/?parent=11328"}],"curies":[{"name":"wp","href":"https:\/\/api.w.org\/{rel}","templated":true}]}}