

{"id":11344,"date":"2015-04-14T17:17:17","date_gmt":"2015-04-14T15:17:17","guid":{"rendered":"http:\/\/www.xcelsiorselection.com\/product\/johnny-plate-2\/"},"modified":"2015-04-14T17:24:28","modified_gmt":"2015-04-14T15:24:28","slug":"johnny-plate","status":"publish","type":"product","link":"https:\/\/www.xcelsiorselection.com\/lv\/product\/johnny-plate\/","title":{"rendered":"\u0160\u0137\u012bvis &#8211; Johnny"},"content":{"rendered":"<p>Donna Wilsone rada lietas, ko ir iedvesmojusi vi\u0146as b\u0113rn\u012bba, uzaugot Skotijas laukos. Rad\u012bt\u0101s lietas ir rota\u013c\u012bgas, visda\u017e\u0101d\u0101kaj\u0101s kr\u0101s\u0101s un nu jau iekaroju\u0161as cilv\u0113ku sirdis vis\u0101 pasaul\u0113.<br \/>\nIzbaudi gardu kruas\u0101nu uz \u0161\u012b interesant\u0101 \u0161\u0137\u012bvja.<\/p>\n","protected":false},"excerpt":{"rendered":"<p>Dizains: Donna Wilson<br \/>\nMateri\u0101ls: 100% kaulu porcel\u0101ns<br \/>\nRoku darbs, \u0161\u0137\u012bvis apdedzin\u0101ts un apdruk\u0101ts<br \/>\nIzm\u0113rs: \u00f8 21 cm<\/p>\n","protected":false},"featured_media":11470,"comment_status":"closed","ping_status":"closed","template":"","meta":[],"_links":{"self":[{"href":"https:\/\/www.xcelsiorselection.com\/lv\/wp-json\/wp\/v2\/product\/11344\/"}],"collection":[{"href":"https:\/\/www.xcelsiorselection.com\/lv\/wp-json\/wp\/v2\/product\/"}],"about":[{"href":"https:\/\/www.xcelsiorselection.com\/lv\/wp-json\/wp\/v2\/types\/product\/"}],"replies":[{"embeddable":true,"href":"https:\/\/www.xcelsiorselection.com\/lv\/wp-json\/wp\/v2\/comments\/?post=11344"}],"wp:featuredmedia":[{"embeddable":true,"href":"https:\/\/www.xcelsiorselection.com\/lv\/wp-json\/wp\/v2\/media\/11470\/"}],"wp:attachment":[{"href":"https:\/\/www.xcelsiorselection.com\/lv\/wp-json\/wp\/v2\/media\/?parent=11344"}],"curies":[{"name":"wp","href":"https:\/\/api.w.org\/{rel}","templated":true}]}}