

{"id":12731,"date":"2014-05-23T14:52:27","date_gmt":"2014-05-23T12:52:27","guid":{"rendered":"http:\/\/www.xcelsiorselection.com\/product\/goldman-2\/"},"modified":"2015-06-18T15:38:20","modified_gmt":"2015-06-18T13:38:20","slug":"goldman","status":"publish","type":"product","link":"https:\/\/www.xcelsiorselection.com\/lv\/product\/goldman\/","title":{"rendered":"Goldman lampa"},"content":{"rendered":"<p>Ron Gilad dizaina galda lampa kuras korpuss ir veidots no alum\u012bnija, gaismek\u013ca kupols no metakrila. Gaismeklis ir ar main\u0101mu gaismas jaudu.<\/p>\n","protected":false},"excerpt":{"rendered":"<p><img loading=\"lazy\" decoding=\"async\" alt=\"Flos\" src=\"http:\/\/www.xcelsiorselection.com\/wp-content\/uploads\/2014\/05\/Flos.jpg\" width=\"100\" height=\"41\" \/><\/p>\n<p>Ra\u017eot\u0101js: Flos<br \/>\nDizains: Ron Gilad<br \/>\nGalda lampa ar tie\u0161u gaismu.<br \/>\nLED 8W, 2700 K, 420 lm, CRI 85, IP20<br \/>\nKr\u0101sa: misi\u0146a korpuss\/za\u013c\u0161 difuzors vai melna ni\u0137e\u013ca korpuss\/tum\u0161i pel\u0113ks difuzors<\/p>\n","protected":false},"featured_media":0,"comment_status":"closed","ping_status":"closed","template":"","meta":[],"_links":{"self":[{"href":"https:\/\/www.xcelsiorselection.com\/lv\/wp-json\/wp\/v2\/product\/12731\/"}],"collection":[{"href":"https:\/\/www.xcelsiorselection.com\/lv\/wp-json\/wp\/v2\/product\/"}],"about":[{"href":"https:\/\/www.xcelsiorselection.com\/lv\/wp-json\/wp\/v2\/types\/product\/"}],"replies":[{"embeddable":true,"href":"https:\/\/www.xcelsiorselection.com\/lv\/wp-json\/wp\/v2\/comments\/?post=12731"}],"wp:attachment":[{"href":"https:\/\/www.xcelsiorselection.com\/lv\/wp-json\/wp\/v2\/media\/?parent=12731"}],"curies":[{"name":"wp","href":"https:\/\/api.w.org\/{rel}","templated":true}]}}