

{"id":1278,"date":"2014-05-24T13:48:28","date_gmt":"2014-05-24T11:48:28","guid":{"rendered":"http:\/\/www.xcelsiorselection.com\/product\/hybrid-mug-4\/"},"modified":"2014-09-15T16:32:33","modified_gmt":"2014-09-15T14:32:33","slug":"hybrid-mug-2","status":"publish","type":"product","link":"https:\/\/www.xcelsiorselection.com\/lv\/product\/hybrid-mug-2\/","title":{"rendered":"Hybrid Kr\u016bze"},"content":{"rendered":"","protected":false},"excerpt":{"rendered":"<p>T\u0113jas kr\u016bze.<br \/>\nDizains: CTRLZAK.<br \/>\nMateri\u0101ls: porcel\u0101ns.<br \/>\nIzm\u0113rs: \u00d8 7,6 h 9cm.<\/p>\n","protected":false},"featured_media":39290,"comment_status":"closed","ping_status":"closed","template":"","meta":[],"_links":{"self":[{"href":"https:\/\/www.xcelsiorselection.com\/lv\/wp-json\/wp\/v2\/product\/1278\/"}],"collection":[{"href":"https:\/\/www.xcelsiorselection.com\/lv\/wp-json\/wp\/v2\/product\/"}],"about":[{"href":"https:\/\/www.xcelsiorselection.com\/lv\/wp-json\/wp\/v2\/types\/product\/"}],"replies":[{"embeddable":true,"href":"https:\/\/www.xcelsiorselection.com\/lv\/wp-json\/wp\/v2\/comments\/?post=1278"}],"wp:featuredmedia":[{"embeddable":true,"href":"https:\/\/www.xcelsiorselection.com\/lv\/wp-json\/wp\/v2\/media\/39290\/"}],"wp:attachment":[{"href":"https:\/\/www.xcelsiorselection.com\/lv\/wp-json\/wp\/v2\/media\/?parent=1278"}],"curies":[{"name":"wp","href":"https:\/\/api.w.org\/{rel}","templated":true}]}}