

{"id":1281,"date":"2014-05-24T13:59:49","date_gmt":"2014-05-24T11:59:49","guid":{"rendered":"http:\/\/www.xcelsiorselection.com\/product\/hybrid-mug-5\/"},"modified":"2014-09-15T16:29:00","modified_gmt":"2014-09-15T14:29:00","slug":"hybrid-mug-4","status":"publish","type":"product","link":"https:\/\/www.xcelsiorselection.com\/lv\/product\/hybrid-mug-4\/","title":{"rendered":"Hybrid Kr\u016bze"},"content":{"rendered":"","protected":false},"excerpt":{"rendered":"<p>T\u0113jas kr\u016bze.<br \/>\nDizains: CTRLZAK.<br \/>\nMateri\u0101ls: porcel\u0101ns.<br \/>\nIzm\u0113rs: \u00d8  8,5 h 10,5cm.<\/p>\n","protected":false},"featured_media":39287,"comment_status":"closed","ping_status":"closed","template":"","meta":[],"_links":{"self":[{"href":"https:\/\/www.xcelsiorselection.com\/lv\/wp-json\/wp\/v2\/product\/1281\/"}],"collection":[{"href":"https:\/\/www.xcelsiorselection.com\/lv\/wp-json\/wp\/v2\/product\/"}],"about":[{"href":"https:\/\/www.xcelsiorselection.com\/lv\/wp-json\/wp\/v2\/types\/product\/"}],"replies":[{"embeddable":true,"href":"https:\/\/www.xcelsiorselection.com\/lv\/wp-json\/wp\/v2\/comments\/?post=1281"}],"wp:featuredmedia":[{"embeddable":true,"href":"https:\/\/www.xcelsiorselection.com\/lv\/wp-json\/wp\/v2\/media\/39287\/"}],"wp:attachment":[{"href":"https:\/\/www.xcelsiorselection.com\/lv\/wp-json\/wp\/v2\/media\/?parent=1281"}],"curies":[{"name":"wp","href":"https:\/\/api.w.org\/{rel}","templated":true}]}}