

{"id":1298,"date":"2014-05-24T14:43:32","date_gmt":"2014-05-24T12:43:32","guid":{"rendered":"http:\/\/www.xcelsiorselection.com\/product\/hybrid-espresso-cup-3\/"},"modified":"2019-01-07T11:04:26","modified_gmt":"2019-01-07T09:04:26","slug":"hybrid-espresso-cup-2","status":"publish","type":"product","link":"https:\/\/www.xcelsiorselection.com\/lv\/product\/hybrid-espresso-cup-2\/","title":{"rendered":"Hybrid espresso kr\u016bze"},"content":{"rendered":"","protected":false},"excerpt":{"rendered":"<p>Dizains: CTRLZAK.<br \/>\nEspresso kr\u016bze.<br \/>\nMateri\u0101ls: porcel\u0101ns.<br \/>\nIzm\u0113rs kr\u016bzei: \u00d8 6,8 h 5,5cm.<br \/>\nIzm\u0113rs tas\u012btei: \u00d8 12,8  h 1,9cm.<\/p>\n","protected":false},"featured_media":4993,"comment_status":"closed","ping_status":"closed","template":"","meta":[],"_links":{"self":[{"href":"https:\/\/www.xcelsiorselection.com\/lv\/wp-json\/wp\/v2\/product\/1298\/"}],"collection":[{"href":"https:\/\/www.xcelsiorselection.com\/lv\/wp-json\/wp\/v2\/product\/"}],"about":[{"href":"https:\/\/www.xcelsiorselection.com\/lv\/wp-json\/wp\/v2\/types\/product\/"}],"replies":[{"embeddable":true,"href":"https:\/\/www.xcelsiorselection.com\/lv\/wp-json\/wp\/v2\/comments\/?post=1298"}],"wp:featuredmedia":[{"embeddable":true,"href":"https:\/\/www.xcelsiorselection.com\/lv\/wp-json\/wp\/v2\/media\/4993\/"}],"wp:attachment":[{"href":"https:\/\/www.xcelsiorselection.com\/lv\/wp-json\/wp\/v2\/media\/?parent=1298"}],"curies":[{"name":"wp","href":"https:\/\/api.w.org\/{rel}","templated":true}]}}