

{"id":13074,"date":"2015-05-23T12:48:21","date_gmt":"2015-05-23T10:48:21","guid":{"rendered":"http:\/\/www.xcelsiorselection.com\/product\/small-ghost-buster-2\/"},"modified":"2015-05-26T11:42:13","modified_gmt":"2015-05-26T09:42:13","slug":"small-ghost-buster","status":"publish","type":"product","link":"https:\/\/www.xcelsiorselection.com\/lv\/product\/small-ghost-buster\/","title":{"rendered":"Maz\u0101 Ghost Buster kumode"},"content":{"rendered":"<p>Kartell sadarbojas ar pasaules presti\u017e\u0101kajiem internacion\u0101lajiem dizaineriem. Kolekcijas rad\u012btas multifunkcion\u0101las, kuras ir viegli lietot un t\u0101s atsvaidzina interjeru. Kr\u0101sa, ironija, caursp\u012bd\u012bgums, kvalit\u0101te un interesant\u0101s formas rada unik\u0101lus dizaina priek\u0161metus, kas atpaz\u012bstami vis\u0101 pasaul\u0113. Daudzi no Kartell produktiem sa\u0146\u0113mu\u0161i atzin\u012bgus pasaules dizaina apbalvojumus.<\/p>\n","protected":false},"excerpt":{"rendered":"<p><a href=\"http:\/\/www.xcelsiorselection.com\/wp-content\/uploads\/2015\/05\/kartell.jpg\"><img loading=\"lazy\" decoding=\"async\" alt=\"kartell\" src=\"http:\/\/www.xcelsiorselection.com\/wp-content\/uploads\/2015\/05\/kartell.jpg\" width=\"133\" height=\"38\" \/><\/a><\/p>\n<p>Ra\u017eot\u0101js: \u00a0Kartell<br \/>\nDizains: Philippe Starck sadarb\u012bb\u0101 ar\u00a0Eugeni Quitllet, 2010.gads<br \/>\nMateri\u0101ls: PMMA<br \/>\nIzm\u0113rs: 40x57x37\u00a0cm<br \/>\nKr\u0101sas (caursp\u012bd\u012bgas): caursp\u012bd\u012bga, pelnu pel\u0113ka, dzeltena, violeta, sarkana\u00a0(mat\u0113tas): balta, melna<\/p>\n","protected":false},"featured_media":13013,"comment_status":"closed","ping_status":"closed","template":"","meta":[],"_links":{"self":[{"href":"https:\/\/www.xcelsiorselection.com\/lv\/wp-json\/wp\/v2\/product\/13074\/"}],"collection":[{"href":"https:\/\/www.xcelsiorselection.com\/lv\/wp-json\/wp\/v2\/product\/"}],"about":[{"href":"https:\/\/www.xcelsiorselection.com\/lv\/wp-json\/wp\/v2\/types\/product\/"}],"replies":[{"embeddable":true,"href":"https:\/\/www.xcelsiorselection.com\/lv\/wp-json\/wp\/v2\/comments\/?post=13074"}],"wp:featuredmedia":[{"embeddable":true,"href":"https:\/\/www.xcelsiorselection.com\/lv\/wp-json\/wp\/v2\/media\/13013\/"}],"wp:attachment":[{"href":"https:\/\/www.xcelsiorselection.com\/lv\/wp-json\/wp\/v2\/media\/?parent=13074"}],"curies":[{"name":"wp","href":"https:\/\/api.w.org\/{rel}","templated":true}]}}