

{"id":1320,"date":"2014-05-26T13:28:15","date_gmt":"2014-05-26T11:28:15","guid":{"rendered":"http:\/\/www.xcelsiorselection.com\/product\/hybrid-tea-cup-with-saucer-3\/"},"modified":"2014-09-15T16:06:30","modified_gmt":"2014-09-15T14:06:30","slug":"hybrid-tea-cup-with-saucer-2","status":"publish","type":"product","link":"https:\/\/www.xcelsiorselection.com\/lv\/product\/hybrid-tea-cup-with-saucer-2\/","title":{"rendered":"Hybrid t\u0113jas kr\u016bze ar tas\u012bti"},"content":{"rendered":"","protected":false},"excerpt":{"rendered":"<p>T\u0113jas kr\u016bze ar tas\u012bti.<br \/>\nDizains: CTRLZAK.<br \/>\nMateri\u0101ls: porcel\u0101ns.<br \/>\nIzm\u0113rs kr\u016bzei: 10,5 x 10,8 h 5,7 cm.<br \/>\nIzm\u0113rs tas\u012btei: \u00d8 15 h 2,5 cm.<\/p>\n","protected":false},"featured_media":5002,"comment_status":"closed","ping_status":"closed","template":"","meta":[],"_links":{"self":[{"href":"https:\/\/www.xcelsiorselection.com\/lv\/wp-json\/wp\/v2\/product\/1320\/"}],"collection":[{"href":"https:\/\/www.xcelsiorselection.com\/lv\/wp-json\/wp\/v2\/product\/"}],"about":[{"href":"https:\/\/www.xcelsiorselection.com\/lv\/wp-json\/wp\/v2\/types\/product\/"}],"replies":[{"embeddable":true,"href":"https:\/\/www.xcelsiorselection.com\/lv\/wp-json\/wp\/v2\/comments\/?post=1320"}],"wp:featuredmedia":[{"embeddable":true,"href":"https:\/\/www.xcelsiorselection.com\/lv\/wp-json\/wp\/v2\/media\/5002\/"}],"wp:attachment":[{"href":"https:\/\/www.xcelsiorselection.com\/lv\/wp-json\/wp\/v2\/media\/?parent=1320"}],"curies":[{"name":"wp","href":"https:\/\/api.w.org\/{rel}","templated":true}]}}