

{"id":1324,"date":"2014-05-26T13:40:13","date_gmt":"2014-05-26T11:40:13","guid":{"rendered":"http:\/\/www.xcelsiorselection.com\/product\/hybrid-tea-cup-with-saucer-4\/"},"modified":"2014-09-15T16:01:30","modified_gmt":"2014-09-15T14:01:30","slug":"hybrid-tea-cup-with-saucer-3","status":"publish","type":"product","link":"https:\/\/www.xcelsiorselection.com\/lv\/product\/hybrid-tea-cup-with-saucer-3\/","title":{"rendered":"Hybrid t\u0113jas kr\u016bze ar tas\u012bti"},"content":{"rendered":"","protected":false},"excerpt":{"rendered":"<p>T\u0113jas kr\u016bze ar tas\u012bti.<br \/>\nDizains: CTRLZAK.<br \/>\nMateri\u0101ls: porcel\u0101ns.<br \/>\nIzm\u0113rs kr\u016bzei: 10,5 x 10,5 h 6,2 cm.<br \/>\nIzm\u0113rs tas\u012btei: \u00d8 15 h 2,5 cm.<\/p>\n","protected":false},"featured_media":4999,"comment_status":"closed","ping_status":"closed","template":"","meta":[],"_links":{"self":[{"href":"https:\/\/www.xcelsiorselection.com\/lv\/wp-json\/wp\/v2\/product\/1324\/"}],"collection":[{"href":"https:\/\/www.xcelsiorselection.com\/lv\/wp-json\/wp\/v2\/product\/"}],"about":[{"href":"https:\/\/www.xcelsiorselection.com\/lv\/wp-json\/wp\/v2\/types\/product\/"}],"replies":[{"embeddable":true,"href":"https:\/\/www.xcelsiorselection.com\/lv\/wp-json\/wp\/v2\/comments\/?post=1324"}],"wp:featuredmedia":[{"embeddable":true,"href":"https:\/\/www.xcelsiorselection.com\/lv\/wp-json\/wp\/v2\/media\/4999\/"}],"wp:attachment":[{"href":"https:\/\/www.xcelsiorselection.com\/lv\/wp-json\/wp\/v2\/media\/?parent=1324"}],"curies":[{"name":"wp","href":"https:\/\/api.w.org\/{rel}","templated":true}]}}