

{"id":1331,"date":"2014-05-27T12:27:59","date_gmt":"2014-05-27T10:27:59","guid":{"rendered":"http:\/\/www.xcelsiorselection.com\/product\/daddy-bear-large-bowl-2\/"},"modified":"2015-04-08T15:03:39","modified_gmt":"2015-04-08T13:03:39","slug":"daddy-bear-large-bowl","status":"publish","type":"product","link":"https:\/\/www.xcelsiorselection.com\/lv\/product\/daddy-bear-large-bowl\/","title":{"rendered":"Liel\u0101 b\u013coda &#8211; L\u0101\u010du t\u0113tis"},"content":{"rendered":"<p>Donna Wilsone rada lietas, ko ir iedvesmojusi vi\u0146as b\u0113rn\u012bba, uzaugot Skotijas laukos. Rad\u012bt\u0101s lietas ir rota\u013c\u012bgas, visda\u017e\u0101d\u0101kaj\u0101s kr\u0101s\u0101s un nu jau iekaroju\u0161as cilv\u0113ku sirdis vis\u0101 pasaul\u0113.<br \/>\nLiela izm\u0113ra b\u013coda ar L\u0101\u010du t\u0113ti, b\u013coda b\u016bs piem\u0113rota pastas, vai aug\u013cu serv\u0113\u0161anai.<\/p>\n","protected":false},"excerpt":{"rendered":"<p>Dizains: Donna Wilson<br \/>\nMateri\u0101ls: 100% kaulu porcel\u0101ns<br \/>\nIzm\u0113rs: h 6 cm \u00f8 19 cm<br \/>\nRoku darbs<\/p>\n","protected":false},"featured_media":11109,"comment_status":"closed","ping_status":"closed","template":"","meta":[],"_links":{"self":[{"href":"https:\/\/www.xcelsiorselection.com\/lv\/wp-json\/wp\/v2\/product\/1331\/"}],"collection":[{"href":"https:\/\/www.xcelsiorselection.com\/lv\/wp-json\/wp\/v2\/product\/"}],"about":[{"href":"https:\/\/www.xcelsiorselection.com\/lv\/wp-json\/wp\/v2\/types\/product\/"}],"replies":[{"embeddable":true,"href":"https:\/\/www.xcelsiorselection.com\/lv\/wp-json\/wp\/v2\/comments\/?post=1331"}],"wp:featuredmedia":[{"embeddable":true,"href":"https:\/\/www.xcelsiorselection.com\/lv\/wp-json\/wp\/v2\/media\/11109\/"}],"wp:attachment":[{"href":"https:\/\/www.xcelsiorselection.com\/lv\/wp-json\/wp\/v2\/media\/?parent=1331"}],"curies":[{"name":"wp","href":"https:\/\/api.w.org\/{rel}","templated":true}]}}