

{"id":1392,"date":"2014-05-27T16:43:27","date_gmt":"2014-05-27T14:43:27","guid":{"rendered":"http:\/\/www.xcelsiorselection.com\/product\/squirrel-beaker-2\/"},"modified":"2015-04-08T14:31:10","modified_gmt":"2015-04-08T12:31:10","slug":"squirrel-beaker","status":"publish","type":"product","link":"https:\/\/www.xcelsiorselection.com\/lv\/product\/squirrel-beaker\/","title":{"rendered":"kr\u016bze &#8211; v\u0101vere"},"content":{"rendered":"<p>Donna Wilsone rada lietas, ko ir iedvesmojusi vi\u0146as b\u0113rn\u012bba, uzaugot Skotijas laukos. Rad\u012bt\u0101s lietas ir rota\u013c\u012bgas, visda\u017e\u0101d\u0101kaj\u0101s kr\u0101s\u0101s un nu jau iekaroju\u0161as cilv\u0113ku sirdis vis\u0101 pasaul\u0113.<br \/>\nIzbaudi savu r\u012bta dz\u0113rienu \u0161aj\u0101 kr\u016bz\u012bt\u0113 ar oran\u017eo v\u0101veri.<\/p>\n","protected":false},"excerpt":{"rendered":"<p>Dizains: Donna Wilson<br \/>\nMateri\u0101ls: 100% kaulu porcel\u0101ns<br \/>\nRoku darbs<br \/>\nIzm\u0113rs: h 10 cm x \u00f8 7 cm<\/p>\n","protected":false},"featured_media":11086,"comment_status":"closed","ping_status":"closed","template":"","meta":[],"_links":{"self":[{"href":"https:\/\/www.xcelsiorselection.com\/lv\/wp-json\/wp\/v2\/product\/1392\/"}],"collection":[{"href":"https:\/\/www.xcelsiorselection.com\/lv\/wp-json\/wp\/v2\/product\/"}],"about":[{"href":"https:\/\/www.xcelsiorselection.com\/lv\/wp-json\/wp\/v2\/types\/product\/"}],"replies":[{"embeddable":true,"href":"https:\/\/www.xcelsiorselection.com\/lv\/wp-json\/wp\/v2\/comments\/?post=1392"}],"wp:featuredmedia":[{"embeddable":true,"href":"https:\/\/www.xcelsiorselection.com\/lv\/wp-json\/wp\/v2\/media\/11086\/"}],"wp:attachment":[{"href":"https:\/\/www.xcelsiorselection.com\/lv\/wp-json\/wp\/v2\/media\/?parent=1392"}],"curies":[{"name":"wp","href":"https:\/\/api.w.org\/{rel}","templated":true}]}}