

{"id":14209,"date":"2015-06-16T15:38:47","date_gmt":"2015-06-16T13:38:47","guid":{"rendered":"http:\/\/www.xcelsiorselection.com\/product\/leander-high-chair-2\/"},"modified":"2015-06-16T17:17:45","modified_gmt":"2015-06-16T15:17:45","slug":"leander-high-chair","status":"publish","type":"product","link":"https:\/\/www.xcelsiorselection.com\/lv\/product\/leander-high-chair\/","title":{"rendered":"Leander augstais kr\u0113sls"},"content":{"rendered":"<p>Leander kr\u0113sls nodro\u0161ina ergonomiski pareizu s\u0113dvietu un atblastu b\u0113rniem da\u017e\u0101dos vecumos. Ieapa\u013c\u0101 forma atzveltn\u0113 un dro\u0161\u012bbas loci\u0146\u0161, k\u0101 ar\u012b jostas, nodro\u0161ina maksim\u0101lu b\u0113rna atbalstu un dro\u0161\u012bbu. Atzveltne, s\u0113dvieta un k\u0101ju balsts ir piem\u0113rojami konkr\u0113tam b\u0113rna vecumam. S\u0101kotn\u0113ji, liel\u0101ko platformu izmantojot k\u0101 k\u0101ju balstu, v\u0113l\u0101k &#8211; apmainot ar viet\u0101m, j\u016bs ieg\u016bsiet liel\u0101ku s\u0113dvietu, t\u0101p\u0113c uz kr\u0113sla iesp\u0113jams s\u0113d\u0113t l\u012bdz pat pieaugu\u0161\u0101 vecumam. Nedaudz izliekt\u0101s kr\u0113sla k\u0101jas nodro\u0161ina stabilit\u0101ti un samazina iesp\u0113ju kr\u0113slam atg\u0101zties uz aizmuguri.Kr\u0113sls sver vien 5.1 kg, bet tas sp\u0113j notur\u0113t l\u012bdz pat 125 kg smagumu.<br \/>\nIeg\u0101d\u0101joties \u0161o preci, j\u016bs sa\u0146emsiet modul\u0101ru kr\u0113slu. Spilvenu, dro\u0161\u012bbas jostu, dro\u0161\u012bbas loci\u0146u vai papl\u0101ti varat ieg\u0101d\u0101ties atsevi\u0161\u0137i.<\/p>\n","protected":false},"excerpt":{"rendered":"<p><img loading=\"lazy\" decoding=\"async\" alt=\"leander logo\" src=\"http:\/\/www.xcelsiorselection.com\/wp-content\/uploads\/2014\/07\/leander-logo.jpg\" width=\"129\" height=\"34\" \/><br \/>\nModul\u0101rs kr\u0113sls, kas aug kop\u0101 ar j\u016bsu b\u0113rnu.<br \/>\nRa\u017eot\u0101js: Leander<br \/>\nKr\u0113slu var izmantot s\u0101kot no 6 m\u0113ne\u0161iem l\u012bdz pat pieaugu\u0161\u0101 vecumam.<br \/>\nKr\u0113sls sver vien 5.1 kg, bet tas sp\u0113j notur\u0113t l\u012bdz pat 125 kg smagumu.<br \/>\nMateri\u0101ls: di\u017eskab\u0101rdis<br \/>\nIzm\u0113rs: 83x56x55 cm<\/p>\n","protected":false},"featured_media":14178,"comment_status":"closed","ping_status":"closed","template":"","meta":[],"_links":{"self":[{"href":"https:\/\/www.xcelsiorselection.com\/lv\/wp-json\/wp\/v2\/product\/14209\/"}],"collection":[{"href":"https:\/\/www.xcelsiorselection.com\/lv\/wp-json\/wp\/v2\/product\/"}],"about":[{"href":"https:\/\/www.xcelsiorselection.com\/lv\/wp-json\/wp\/v2\/types\/product\/"}],"replies":[{"embeddable":true,"href":"https:\/\/www.xcelsiorselection.com\/lv\/wp-json\/wp\/v2\/comments\/?post=14209"}],"wp:featuredmedia":[{"embeddable":true,"href":"https:\/\/www.xcelsiorselection.com\/lv\/wp-json\/wp\/v2\/media\/14178\/"}],"wp:attachment":[{"href":"https:\/\/www.xcelsiorselection.com\/lv\/wp-json\/wp\/v2\/media\/?parent=14209"}],"curies":[{"name":"wp","href":"https:\/\/api.w.org\/{rel}","templated":true}]}}