

{"id":14666,"date":"2015-07-04T12:39:30","date_gmt":"2015-07-04T10:39:30","guid":{"rendered":"http:\/\/www.xcelsiorselection.com\/product\/gregg-2\/"},"modified":"2015-07-14T16:02:15","modified_gmt":"2015-07-14T14:02:15","slug":"gregg","status":"publish","type":"product","link":"https:\/\/www.xcelsiorselection.com\/lv\/product\/gregg\/","title":{"rendered":"Gregg"},"content":{"rendered":"<p>Ludovica un Roberto Palomba dizaina galda lampa, kuras pamatne ir veidota no met\u0101la balt\u0101 kr\u0101s\u0101. Gaismek\u013ca kupols ir asimetriskas formas un izgatavots no balta mat\u0113ta stikla. Sl\u0113dzis ir ar main\u0101mu gaismas jaudu. Spuldze: max 150W, Halo<\/p>\n","protected":false},"excerpt":{"rendered":"<p><img loading=\"lazy\" decoding=\"async\" alt=\"LogoFoscarini_rosso\" src=\"http:\/\/www.xcelsiorselection.com\/wp-content\/uploads\/2015\/06\/LogoFoscarini_rosso-1849x600.jpg\" width=\"140\" height=\"45\" \/><br \/>\nRa\u017eot\u0101js: Foscarini<br \/>\nDizains: Ludovica un Roberto Palomba<br \/>\nmax 150W, Halo<br \/>\nKr\u0101sa: balta<\/p>\n","protected":false},"featured_media":14661,"comment_status":"closed","ping_status":"closed","template":"","meta":[],"_links":{"self":[{"href":"https:\/\/www.xcelsiorselection.com\/lv\/wp-json\/wp\/v2\/product\/14666\/"}],"collection":[{"href":"https:\/\/www.xcelsiorselection.com\/lv\/wp-json\/wp\/v2\/product\/"}],"about":[{"href":"https:\/\/www.xcelsiorselection.com\/lv\/wp-json\/wp\/v2\/types\/product\/"}],"replies":[{"embeddable":true,"href":"https:\/\/www.xcelsiorselection.com\/lv\/wp-json\/wp\/v2\/comments\/?post=14666"}],"wp:featuredmedia":[{"embeddable":true,"href":"https:\/\/www.xcelsiorselection.com\/lv\/wp-json\/wp\/v2\/media\/14661\/"}],"wp:attachment":[{"href":"https:\/\/www.xcelsiorselection.com\/lv\/wp-json\/wp\/v2\/media\/?parent=14666"}],"curies":[{"name":"wp","href":"https:\/\/api.w.org\/{rel}","templated":true}]}}