

{"id":1474,"date":"2014-05-28T15:46:57","date_gmt":"2014-05-28T13:46:57","guid":{"rendered":"http:\/\/www.xcelsiorselection.com\/product\/baby-plate-2\/"},"modified":"2015-04-08T13:33:46","modified_gmt":"2015-04-08T11:33:46","slug":"baby-plate","status":"publish","type":"product","link":"https:\/\/www.xcelsiorselection.com\/lv\/product\/baby-plate\/","title":{"rendered":"Baby \u0161\u0137\u012bvis"},"content":{"rendered":"<p>Donna Wilsone rada lietas, ko ir iedvesmojusi vi\u0146as b\u0113rn\u012bba, uzaugot Skotijas laukos. Rad\u012bt\u0101s lietas ir rota\u013c\u012bgas, visda\u017e\u0101d\u0101kaj\u0101s kr\u0101s\u0101s un nu jau iekaroju\u0161as cilv\u0113ku sirdis vis\u0101 pasaul\u0113.<br \/>\nIzbaudi brokastis, pusdienas vai vakari\u0146as ar \u0161o mazu\u013ca \u0161\u0137\u012bvi!<br \/>\nLieliska d\u0101vana mazu\u013ciem un jaundzimu\u0161ajiem!<\/p>\n","protected":false},"excerpt":{"rendered":"<p>Dizains: Donna Wilson<br \/>\nMateri\u0101ls: 100% kaulu porcel\u0101ns<br \/>\nRoku darbs, \u0161\u0137\u012bvis apdedzin\u0101ts un apdruk\u0101ts<br \/>\nIzm\u0113rs: \u00f8 21 cm<\/p>\n","protected":false},"featured_media":11068,"comment_status":"closed","ping_status":"closed","template":"","meta":[],"_links":{"self":[{"href":"https:\/\/www.xcelsiorselection.com\/lv\/wp-json\/wp\/v2\/product\/1474\/"}],"collection":[{"href":"https:\/\/www.xcelsiorselection.com\/lv\/wp-json\/wp\/v2\/product\/"}],"about":[{"href":"https:\/\/www.xcelsiorselection.com\/lv\/wp-json\/wp\/v2\/types\/product\/"}],"replies":[{"embeddable":true,"href":"https:\/\/www.xcelsiorselection.com\/lv\/wp-json\/wp\/v2\/comments\/?post=1474"}],"wp:featuredmedia":[{"embeddable":true,"href":"https:\/\/www.xcelsiorselection.com\/lv\/wp-json\/wp\/v2\/media\/11068\/"}],"wp:attachment":[{"href":"https:\/\/www.xcelsiorselection.com\/lv\/wp-json\/wp\/v2\/media\/?parent=1474"}],"curies":[{"name":"wp","href":"https:\/\/api.w.org\/{rel}","templated":true}]}}