

{"id":14795,"date":"2015-07-13T15:10:32","date_gmt":"2015-07-13T13:10:32","guid":{"rendered":"http:\/\/www.xcelsiorselection.com\/product\/rituals-3-2\/"},"modified":"2015-07-14T15:53:54","modified_gmt":"2015-07-14T13:53:54","slug":"rituals-3","status":"publish","type":"product","link":"https:\/\/www.xcelsiorselection.com\/lv\/product\/rituals-3\/","title":{"rendered":"Rituals 3"},"content":{"rendered":"<p>Ludovica un Roberto Palomba dizaina galda lampa kuras kupols ir veidots no balta mat\u0113ta stikla ar str\u012bpainu reljefu. Pamatne no kr\u0101sota met\u0101la. Spuldze: max 60W, Halo<\/p>\n","protected":false},"excerpt":{"rendered":"<p><img loading=\"lazy\" decoding=\"async\" alt=\"LogoFoscarini_rosso\" src=\"http:\/\/www.xcelsiorselection.com\/wp-content\/uploads\/2015\/06\/LogoFoscarini_rosso-1849x600.jpg\" width=\"140\" height=\"45\" \/><br \/>\nRa\u017eot\u0101js: Foscarini<br \/>\nDizains: Ludovica un Roberto Palomba<br \/>\nmax 60W, Halo<br \/>\nKr\u0101sa: balta<\/p>\n","protected":false},"featured_media":14793,"comment_status":"closed","ping_status":"closed","template":"","meta":[],"_links":{"self":[{"href":"https:\/\/www.xcelsiorselection.com\/lv\/wp-json\/wp\/v2\/product\/14795\/"}],"collection":[{"href":"https:\/\/www.xcelsiorselection.com\/lv\/wp-json\/wp\/v2\/product\/"}],"about":[{"href":"https:\/\/www.xcelsiorselection.com\/lv\/wp-json\/wp\/v2\/types\/product\/"}],"replies":[{"embeddable":true,"href":"https:\/\/www.xcelsiorselection.com\/lv\/wp-json\/wp\/v2\/comments\/?post=14795"}],"wp:featuredmedia":[{"embeddable":true,"href":"https:\/\/www.xcelsiorselection.com\/lv\/wp-json\/wp\/v2\/media\/14793\/"}],"wp:attachment":[{"href":"https:\/\/www.xcelsiorselection.com\/lv\/wp-json\/wp\/v2\/media\/?parent=14795"}],"curies":[{"name":"wp","href":"https:\/\/api.w.org\/{rel}","templated":true}]}}