

{"id":1515,"date":"2014-05-31T13:10:58","date_gmt":"2014-05-31T11:10:58","guid":{"rendered":"http:\/\/www.xcelsiorselection.com\/product\/hybrid-isaura-dinner-plate-5\/"},"modified":"2014-09-15T11:26:54","modified_gmt":"2014-09-15T09:26:54","slug":"hybrid-isaura-dinner-plate-4","status":"publish","type":"product","link":"https:\/\/www.xcelsiorselection.com\/lv\/product\/hybrid-isaura-dinner-plate-4\/","title":{"rendered":"Hybrid Isaura pusdienu \u0161\u0137\u012bvis"},"content":{"rendered":"","protected":false},"excerpt":{"rendered":"<p>Pusdienu \u0161\u0137\u012bvis.<br \/>\nDizains: CTRLZAK.<br \/>\nMateri\u0101ls:  kaulu porcel\u0101ns.<br \/>\nIzm\u0113rs: \u00d8 27,5 h 2,3 cm. <\/p>\n","protected":false},"featured_media":3050,"comment_status":"closed","ping_status":"closed","template":"","meta":[],"_links":{"self":[{"href":"https:\/\/www.xcelsiorselection.com\/lv\/wp-json\/wp\/v2\/product\/1515\/"}],"collection":[{"href":"https:\/\/www.xcelsiorselection.com\/lv\/wp-json\/wp\/v2\/product\/"}],"about":[{"href":"https:\/\/www.xcelsiorselection.com\/lv\/wp-json\/wp\/v2\/types\/product\/"}],"replies":[{"embeddable":true,"href":"https:\/\/www.xcelsiorselection.com\/lv\/wp-json\/wp\/v2\/comments\/?post=1515"}],"wp:featuredmedia":[{"embeddable":true,"href":"https:\/\/www.xcelsiorselection.com\/lv\/wp-json\/wp\/v2\/media\/3050\/"}],"wp:attachment":[{"href":"https:\/\/www.xcelsiorselection.com\/lv\/wp-json\/wp\/v2\/media\/?parent=1515"}],"curies":[{"name":"wp","href":"https:\/\/api.w.org\/{rel}","templated":true}]}}