

{"id":1522,"date":"2014-05-31T13:58:55","date_gmt":"2014-05-31T11:58:55","guid":{"rendered":"http:\/\/www.xcelsiorselection.com\/product\/hybrid-eusapia-dinner-plate-2\/"},"modified":"2014-09-15T11:36:28","modified_gmt":"2014-09-15T09:36:28","slug":"hybrid-eusapia-dinner-plate","status":"publish","type":"product","link":"https:\/\/www.xcelsiorselection.com\/lv\/product\/hybrid-eusapia-dinner-plate\/","title":{"rendered":"Hybrid Eusapia pusdienu \u0161\u0137\u012bvis"},"content":{"rendered":"","protected":false},"excerpt":{"rendered":"<p>Pusdienu \u0161\u0137\u012bvis.<br \/>\nDizains: CTRLZAK.<br \/>\nMateri\u0101ls: kaulu porcel\u0101ns.<br \/>\nIzm\u0113rs: \u00d8 27,5 h 2,3 cm.<\/p>\n","protected":false},"featured_media":3047,"comment_status":"closed","ping_status":"closed","template":"","meta":[],"_links":{"self":[{"href":"https:\/\/www.xcelsiorselection.com\/lv\/wp-json\/wp\/v2\/product\/1522\/"}],"collection":[{"href":"https:\/\/www.xcelsiorselection.com\/lv\/wp-json\/wp\/v2\/product\/"}],"about":[{"href":"https:\/\/www.xcelsiorselection.com\/lv\/wp-json\/wp\/v2\/types\/product\/"}],"replies":[{"embeddable":true,"href":"https:\/\/www.xcelsiorselection.com\/lv\/wp-json\/wp\/v2\/comments\/?post=1522"}],"wp:featuredmedia":[{"embeddable":true,"href":"https:\/\/www.xcelsiorselection.com\/lv\/wp-json\/wp\/v2\/media\/3047\/"}],"wp:attachment":[{"href":"https:\/\/www.xcelsiorselection.com\/lv\/wp-json\/wp\/v2\/media\/?parent=1522"}],"curies":[{"name":"wp","href":"https:\/\/api.w.org\/{rel}","templated":true}]}}