

{"id":1534,"date":"2014-05-31T14:19:53","date_gmt":"2014-05-31T12:19:53","guid":{"rendered":"http:\/\/www.xcelsiorselection.com\/product\/hybrid-soup-bowl-2\/"},"modified":"2014-09-15T10:54:29","modified_gmt":"2014-09-15T08:54:29","slug":"hybrid-soup-bowl","status":"publish","type":"product","link":"https:\/\/www.xcelsiorselection.com\/lv\/product\/hybrid-soup-bowl\/","title":{"rendered":"Hybrid zupas b\u013coda"},"content":{"rendered":"","protected":false},"excerpt":{"rendered":"<p>Zupas \u0161\u0137\u012bvis.<br \/>\nDizains: CTRLZAK.<br \/>\nMateri\u0101ls: kaulu porcel\u0101ns.<br \/>\nIzm\u0113rs: \u00d8 25,4 h 4,2 cm.<\/p>\n","protected":false},"featured_media":0,"comment_status":"closed","ping_status":"closed","template":"","meta":[],"_links":{"self":[{"href":"https:\/\/www.xcelsiorselection.com\/lv\/wp-json\/wp\/v2\/product\/1534\/"}],"collection":[{"href":"https:\/\/www.xcelsiorselection.com\/lv\/wp-json\/wp\/v2\/product\/"}],"about":[{"href":"https:\/\/www.xcelsiorselection.com\/lv\/wp-json\/wp\/v2\/types\/product\/"}],"replies":[{"embeddable":true,"href":"https:\/\/www.xcelsiorselection.com\/lv\/wp-json\/wp\/v2\/comments\/?post=1534"}],"wp:attachment":[{"href":"https:\/\/www.xcelsiorselection.com\/lv\/wp-json\/wp\/v2\/media\/?parent=1534"}],"curies":[{"name":"wp","href":"https:\/\/api.w.org\/{rel}","templated":true}]}}