

{"id":15457,"date":"2015-08-31T11:45:36","date_gmt":"2015-08-31T09:45:36","guid":{"rendered":"http:\/\/www.xcelsiorselection.com\/product\/forest-dinner-plate-2\/"},"modified":"2015-08-31T11:54:10","modified_gmt":"2015-08-31T09:54:10","slug":"forest-dinner-plate","status":"publish","type":"product","link":"https:\/\/www.xcelsiorselection.com\/lv\/product\/forest-dinner-plate\/","title":{"rendered":"\u0160\u0137\u012bvis- me\u017e\u0161"},"content":{"rendered":"<p>Donna Wilsone rada lietas, ko ir iedvesmojusi vi\u0146as b\u0113rn\u012bba, uzaugot Skotijas laukos. Rad\u012bt\u0101s lietas ir rota\u013c\u012bgas, visda\u017e\u0101d\u0101kaj\u0101s kr\u0101s\u0101s un nu jau iekaroju\u0161as cilv\u0113ku sirdis vis\u0101 pasaul\u0113.<br \/>\nIzbaudi malt\u012bti uz skaist\u0101 \u0161\u0137\u012bvja ar me\u017ea mot\u012bviem, sap\u0146ojot par n\u0101kamo pastaigu park\u0101. \u0160\u0137\u012bvis lieliski sader\u0113s kop\u0101 ar citiem kolekcijas traukiem.<\/p>\n","protected":false},"excerpt":{"rendered":"<p><a href=\"http:\/\/www.xcelsiorselection.com\/wp-content\/uploads\/2015\/08\/donna-wilson.jpg\"><img loading=\"lazy\" decoding=\"async\" class=\"alignnone  wp-image-15438\" alt=\"donna wilson, xcelsior\" src=\"http:\/\/www.xcelsiorselection.com\/wp-content\/uploads\/2015\/08\/donna-wilson.jpg\" width=\"200\" height=\"30\" srcset=\"https:\/\/www.xcelsiorselection.com\/wp-content\/uploads\/2015\/08\/donna-wilson.jpg 2085w, https:\/\/www.xcelsiorselection.com\/wp-content\/uploads\/2015\/08\/donna-wilson-600x93.jpg 600w\" sizes=\"(max-width: 200px) 100vw, 200px\" \/><br \/>\n<\/a><br \/>\nDizains: Donna Wilson<br \/>\nMateri\u0101ls: 100% kaulu porcel\u0101ns<br \/>\nRoku darbs, \u0161\u0137\u012bvis apdedzin\u0101ts un apdruk\u0101ts<br \/>\nIzm\u0113rs: \u00f8 27 cm<\/p>\n","protected":false},"featured_media":15449,"comment_status":"closed","ping_status":"closed","template":"","meta":[],"_links":{"self":[{"href":"https:\/\/www.xcelsiorselection.com\/lv\/wp-json\/wp\/v2\/product\/15457\/"}],"collection":[{"href":"https:\/\/www.xcelsiorselection.com\/lv\/wp-json\/wp\/v2\/product\/"}],"about":[{"href":"https:\/\/www.xcelsiorselection.com\/lv\/wp-json\/wp\/v2\/types\/product\/"}],"replies":[{"embeddable":true,"href":"https:\/\/www.xcelsiorselection.com\/lv\/wp-json\/wp\/v2\/comments\/?post=15457"}],"wp:featuredmedia":[{"embeddable":true,"href":"https:\/\/www.xcelsiorselection.com\/lv\/wp-json\/wp\/v2\/media\/15449\/"}],"wp:attachment":[{"href":"https:\/\/www.xcelsiorselection.com\/lv\/wp-json\/wp\/v2\/media\/?parent=15457"}],"curies":[{"name":"wp","href":"https:\/\/api.w.org\/{rel}","templated":true}]}}