

{"id":15460,"date":"2015-08-31T12:01:09","date_gmt":"2015-08-31T10:01:09","guid":{"rendered":"http:\/\/www.xcelsiorselection.com\/product\/acorn-dinner-plate-2\/"},"modified":"2015-08-31T12:09:36","modified_gmt":"2015-08-31T10:09:36","slug":"acorn-dinner-plate","status":"publish","type":"product","link":"https:\/\/www.xcelsiorselection.com\/lv\/product\/acorn-dinner-plate\/","title":{"rendered":"\u0160\u0137\u012bvis ar z\u012bl\u0113m"},"content":{"rendered":"<p>Donna Wilsone rada lietas, ko ir iedvesmojusi vi\u0146as b\u0113rn\u012bba, uzaugot Skotijas laukos. Rad\u012bt\u0101s lietas ir rota\u013c\u012bgas, visda\u017e\u0101d\u0101kaj\u0101s kr\u0101s\u0101s un nu jau iekaroju\u0161as cilv\u0113ku sirdis vis\u0101 pasaul\u0113.<br \/>\nJauks, pag\u0101ju\u0161\u0101 gadsimta iedvesmots, vakari\u0146u \u0161\u0137\u012bvis ar maigu ozolz\u012b\u013cu un lapu dizainu.<\/p>\n","protected":false},"excerpt":{"rendered":"<p><a href=\"http:\/\/www.xcelsiorselection.com\/wp-content\/uploads\/2015\/08\/donna-wilson.jpg\"><img loading=\"lazy\" decoding=\"async\" alt=\"donna wilson, xcelsior\" src=\"http:\/\/www.xcelsiorselection.com\/wp-content\/uploads\/2015\/08\/donna-wilson.jpg\" width=\"200\" height=\"30\" \/><br \/>\n<\/a><br \/>\nDizains: Donna Wilson<br \/>\nMateri\u0101ls: 100% kaulu porcel\u0101ns<br \/>\nRoku darbs, \u0161\u0137\u012bvis apdedzin\u0101ts un apdruk\u0101ts<br \/>\nIzm\u0113rs: \u00f8 27 cm<\/p>\n","protected":false},"featured_media":15452,"comment_status":"closed","ping_status":"closed","template":"","meta":[],"_links":{"self":[{"href":"https:\/\/www.xcelsiorselection.com\/lv\/wp-json\/wp\/v2\/product\/15460\/"}],"collection":[{"href":"https:\/\/www.xcelsiorselection.com\/lv\/wp-json\/wp\/v2\/product\/"}],"about":[{"href":"https:\/\/www.xcelsiorselection.com\/lv\/wp-json\/wp\/v2\/types\/product\/"}],"replies":[{"embeddable":true,"href":"https:\/\/www.xcelsiorselection.com\/lv\/wp-json\/wp\/v2\/comments\/?post=15460"}],"wp:featuredmedia":[{"embeddable":true,"href":"https:\/\/www.xcelsiorselection.com\/lv\/wp-json\/wp\/v2\/media\/15452\/"}],"wp:attachment":[{"href":"https:\/\/www.xcelsiorselection.com\/lv\/wp-json\/wp\/v2\/media\/?parent=15460"}],"curies":[{"name":"wp","href":"https:\/\/api.w.org\/{rel}","templated":true}]}}