

{"id":1547,"date":"2014-05-31T15:05:34","date_gmt":"2014-05-31T13:05:34","guid":{"rendered":"http:\/\/www.xcelsiorselection.com\/product\/hybrid-fruit-plate-2\/"},"modified":"2014-09-15T10:32:52","modified_gmt":"2014-09-15T08:32:52","slug":"hybrid-fruit-plate","status":"publish","type":"product","link":"https:\/\/www.xcelsiorselection.com\/lv\/product\/hybrid-fruit-plate\/","title":{"rendered":"Hybrid aug\u013cu \u0161\u0137\u012bvis"},"content":{"rendered":"","protected":false},"excerpt":{"rendered":"<p>Aug\u013cu \u0161\u0137\u012bvis.<br \/>\nDizains: CTRLZAK.<br \/>\nMateri\u0101ls:  kaulu porcel\u0101ns.<br \/>\nIzm\u0113rs: \u00d8 20 h 1,6 cm.<\/p>\n","protected":false},"featured_media":0,"comment_status":"closed","ping_status":"closed","template":"","meta":[],"_links":{"self":[{"href":"https:\/\/www.xcelsiorselection.com\/lv\/wp-json\/wp\/v2\/product\/1547\/"}],"collection":[{"href":"https:\/\/www.xcelsiorselection.com\/lv\/wp-json\/wp\/v2\/product\/"}],"about":[{"href":"https:\/\/www.xcelsiorselection.com\/lv\/wp-json\/wp\/v2\/types\/product\/"}],"replies":[{"embeddable":true,"href":"https:\/\/www.xcelsiorselection.com\/lv\/wp-json\/wp\/v2\/comments\/?post=1547"}],"wp:attachment":[{"href":"https:\/\/www.xcelsiorselection.com\/lv\/wp-json\/wp\/v2\/media\/?parent=1547"}],"curies":[{"name":"wp","href":"https:\/\/api.w.org\/{rel}","templated":true}]}}