

{"id":1609,"date":"2014-06-02T15:35:55","date_gmt":"2014-06-02T13:35:55","guid":{"rendered":"http:\/\/www.xcelsiorselection.com\/product\/palace-salt-pepper-cellar-2\/"},"modified":"2014-09-08T17:52:57","modified_gmt":"2014-09-08T15:52:57","slug":"palace-salt-pepper-cellar","status":"publish","type":"product","link":"https:\/\/www.xcelsiorselection.com\/lv\/product\/palace-salt-pepper-cellar\/","title":{"rendered":"Palace S\u0101ls un piparu trauks"},"content":{"rendered":"","protected":false},"excerpt":{"rendered":"<p>Palace Fontana.<br \/>\nS\u0101ls un piparu trauks.<br \/>\nDizains: Alessandro Zambelli.<br \/>\nMateri\u0101ls: dolom\u012bta porcel\u0101ns.<br \/>\nIzm\u0113rs: 14 x 14cm h 6 cm.<\/p>\n","protected":false},"featured_media":3017,"comment_status":"closed","ping_status":"closed","template":"","meta":[],"_links":{"self":[{"href":"https:\/\/www.xcelsiorselection.com\/lv\/wp-json\/wp\/v2\/product\/1609\/"}],"collection":[{"href":"https:\/\/www.xcelsiorselection.com\/lv\/wp-json\/wp\/v2\/product\/"}],"about":[{"href":"https:\/\/www.xcelsiorselection.com\/lv\/wp-json\/wp\/v2\/types\/product\/"}],"replies":[{"embeddable":true,"href":"https:\/\/www.xcelsiorselection.com\/lv\/wp-json\/wp\/v2\/comments\/?post=1609"}],"wp:featuredmedia":[{"embeddable":true,"href":"https:\/\/www.xcelsiorselection.com\/lv\/wp-json\/wp\/v2\/media\/3017\/"}],"wp:attachment":[{"href":"https:\/\/www.xcelsiorselection.com\/lv\/wp-json\/wp\/v2\/media\/?parent=1609"}],"curies":[{"name":"wp","href":"https:\/\/api.w.org\/{rel}","templated":true}]}}