

{"id":1631,"date":"2014-06-04T17:56:58","date_gmt":"2014-06-04T15:56:58","guid":{"rendered":"http:\/\/www.xcelsiorselection.com\/product\/on-the-rocks-tumbler-2\/"},"modified":"2015-04-14T16:54:30","modified_gmt":"2015-04-14T14:54:30","slug":"on-the-rocks-tumbler","status":"publish","type":"product","link":"https:\/\/www.xcelsiorselection.com\/lv\/product\/on-the-rocks-tumbler\/","title":{"rendered":"Stikla gl\u0101ze"},"content":{"rendered":"<p>Donna Wilsone rada lietas, ko ir iedvesmojusi vi\u0146as b\u0113rn\u012bba, uzaugot Skotijas laukos. Rad\u012bt\u0101s lietas ir rota\u013c\u012bgas, visda\u017e\u0101d\u0101kaj\u0101s kr\u0101s\u0101s un nu jau iekaroju\u0161as cilv\u0113ku\u00a0sirdis vis\u0101 pasaul\u0113.<br \/>\nLieliski piem\u0113rota \u016bdenim vai sul\u0101m.<br \/>\nGl\u0101ze nav mazg\u0101jama trauku mazg\u0101jam\u0101 ma\u0161\u012bn\u0101.<\/p>\n","protected":false},"excerpt":{"rendered":"<p>Dizains: Donna Wison<br \/>\nMateri\u0101ls: Stiks ar dekoru<br \/>\nIzm\u0113rs: h 8 cm x \u00f8 8 cm<\/p>\n","protected":false},"featured_media":10942,"comment_status":"closed","ping_status":"closed","template":"","meta":[],"_links":{"self":[{"href":"https:\/\/www.xcelsiorselection.com\/lv\/wp-json\/wp\/v2\/product\/1631\/"}],"collection":[{"href":"https:\/\/www.xcelsiorselection.com\/lv\/wp-json\/wp\/v2\/product\/"}],"about":[{"href":"https:\/\/www.xcelsiorselection.com\/lv\/wp-json\/wp\/v2\/types\/product\/"}],"replies":[{"embeddable":true,"href":"https:\/\/www.xcelsiorselection.com\/lv\/wp-json\/wp\/v2\/comments\/?post=1631"}],"wp:featuredmedia":[{"embeddable":true,"href":"https:\/\/www.xcelsiorselection.com\/lv\/wp-json\/wp\/v2\/media\/10942\/"}],"wp:attachment":[{"href":"https:\/\/www.xcelsiorselection.com\/lv\/wp-json\/wp\/v2\/media\/?parent=1631"}],"curies":[{"name":"wp","href":"https:\/\/api.w.org\/{rel}","templated":true}]}}