

{"id":1676,"date":"2014-06-04T19:43:13","date_gmt":"2014-06-04T17:43:13","guid":{"rendered":"http:\/\/www.xcelsiorselection.com\/product\/use-my-beehive-tea-towel-2\/"},"modified":"2015-04-08T12:13:46","modified_gmt":"2015-04-08T10:13:46","slug":"use-my-beehive-tea-towel","status":"publish","type":"product","link":"https:\/\/www.xcelsiorselection.com\/lv\/product\/use-my-beehive-tea-towel\/","title":{"rendered":"Virtuves dvielis &#8211; d\u0101ma"},"content":{"rendered":"<p>Donna Wilsone rada lietas, ko ir iedvesmojusi vi\u0146as b\u0113rn\u012bba, uzaugot Skotijas laukos. Rad\u012bt\u0101s lietas ir rota\u013c\u012bgas, visda\u017e\u0101d\u0101kaj\u0101s kr\u0101s\u0101s un nu jau iekaroju\u0161as cilv\u0113ku\u00a0sirdis vis\u0101 pasaul\u0113.<br \/>\n\u0160is aspr\u0101t\u012bgais dvielis patiks gan b\u0113rniem, gan pieaugu\u0161ajiem!<br \/>\nMazg\u0101\u0161anas maksim\u0101l\u0101 temperat\u016bra 50 gr\u0101di.<\/p>\n","protected":false},"excerpt":{"rendered":"<p>Dizains: Donna Wison<br \/>\nMateri\u0101ls: apdruka uz augst\u0101k\u0101 labuma kokvilnas<br \/>\nIzm\u0113rs: 48 cm x 80 cm<\/p>\n","protected":false},"featured_media":10948,"comment_status":"closed","ping_status":"closed","template":"","meta":[],"_links":{"self":[{"href":"https:\/\/www.xcelsiorselection.com\/lv\/wp-json\/wp\/v2\/product\/1676\/"}],"collection":[{"href":"https:\/\/www.xcelsiorselection.com\/lv\/wp-json\/wp\/v2\/product\/"}],"about":[{"href":"https:\/\/www.xcelsiorselection.com\/lv\/wp-json\/wp\/v2\/types\/product\/"}],"replies":[{"embeddable":true,"href":"https:\/\/www.xcelsiorselection.com\/lv\/wp-json\/wp\/v2\/comments\/?post=1676"}],"wp:featuredmedia":[{"embeddable":true,"href":"https:\/\/www.xcelsiorselection.com\/lv\/wp-json\/wp\/v2\/media\/10948\/"}],"wp:attachment":[{"href":"https:\/\/www.xcelsiorselection.com\/lv\/wp-json\/wp\/v2\/media\/?parent=1676"}],"curies":[{"name":"wp","href":"https:\/\/api.w.org\/{rel}","templated":true}]}}