

{"id":17624,"date":"2015-12-23T14:11:01","date_gmt":"2015-12-23T12:11:01","guid":{"rendered":"http:\/\/www.xcelsiorselection.com\/product\/monkey-lamp-2\/"},"modified":"2015-12-23T14:26:55","modified_gmt":"2015-12-23T12:26:55","slug":"monkey-lamp","status":"publish","type":"product","link":"https:\/\/www.xcelsiorselection.com\/lv\/product\/monkey-lamp\/","title":{"rendered":"lampa &#8211; p\u0113rti\u0137is"},"content":{"rendered":"<p>Pie\u0161\u0137ir savam interjeram ko\u0161u akcentu ar P\u0113rti\u0137a lampu no z\u012bmola Seletti!<br \/>\nLampa veidota no rez\u012bna un t\u0101 pieejama tr\u012bs da\u017e\u0101dos mode\u013cos.<br \/>\nT\u012br\u012b\u0161anai rekomend\u0113jam izmantot m\u012bkstu dr\u0101nu, t\u012br\u012bt nelietojot \u0137\u012bmiskos t\u012br\u012b\u0161anas l\u012bdzek\u013cus.<br \/>\nLampa piem\u0113rota tikai lieto\u0161anai iek\u0161telp\u0101s.<br \/>\nKomplekt\u0101 iek\u013cauta LED spuldze.<\/p>\n","protected":false},"excerpt":{"rendered":"<p><a href=\"http:\/\/www.xcelsiorselection.com\/wp-content\/uploads\/2015\/12\/seletti.jpg\"><img loading=\"lazy\" decoding=\"async\" class=\"alignnone  wp-image-17595\" alt=\"seletti\" src=\"http:\/\/www.xcelsiorselection.com\/wp-content\/uploads\/2015\/12\/seletti.jpg\" width=\"167\" height=\"36\" srcset=\"https:\/\/www.xcelsiorselection.com\/wp-content\/uploads\/2015\/12\/seletti.jpg 1875w, https:\/\/www.xcelsiorselection.com\/wp-content\/uploads\/2015\/12\/seletti-600x131.jpg 600w\" sizes=\"(max-width: 167px) 100vw, 167px\" \/><\/a><br \/>\nDizains: Seletti<br \/>\nDizaineris: MArcantonio RAimondi MAlerba<br \/>\nMateri\u0101ls: rez\u012bns<br \/>\nKr\u0101sa: balta<br \/>\nSpuldze: LED E14 &#8211; 4W &#8211; 350 Lumen, IP20<\/p>\n","protected":false},"featured_media":17594,"comment_status":"closed","ping_status":"closed","template":"","meta":[],"_links":{"self":[{"href":"https:\/\/www.xcelsiorselection.com\/lv\/wp-json\/wp\/v2\/product\/17624\/"}],"collection":[{"href":"https:\/\/www.xcelsiorselection.com\/lv\/wp-json\/wp\/v2\/product\/"}],"about":[{"href":"https:\/\/www.xcelsiorselection.com\/lv\/wp-json\/wp\/v2\/types\/product\/"}],"replies":[{"embeddable":true,"href":"https:\/\/www.xcelsiorselection.com\/lv\/wp-json\/wp\/v2\/comments\/?post=17624"}],"wp:featuredmedia":[{"embeddable":true,"href":"https:\/\/www.xcelsiorselection.com\/lv\/wp-json\/wp\/v2\/media\/17594\/"}],"wp:attachment":[{"href":"https:\/\/www.xcelsiorselection.com\/lv\/wp-json\/wp\/v2\/media\/?parent=17624"}],"curies":[{"name":"wp","href":"https:\/\/api.w.org\/{rel}","templated":true}]}}