

{"id":17995,"date":"2016-01-08T13:55:17","date_gmt":"2016-01-08T11:55:17","guid":{"rendered":"http:\/\/www.xcelsiorselection.com\/product\/cosmic-dinner-sun-2\/"},"modified":"2016-01-08T14:08:35","modified_gmt":"2016-01-08T12:08:35","slug":"cosmic-dinner-sun","status":"publish","type":"product","link":"https:\/\/www.xcelsiorselection.com\/lv\/product\/cosmic-dinner-sun\/","title":{"rendered":"Kosmisk\u0101s vakari\u0146as &#8211; Saule"},"content":{"rendered":"<p>Pie\u0161\u0137ir \u012bpa\u0161u spozmi vakari\u0146\u0101m, serv\u0113jot \u0113dienu uz&#8230;\u00a0 saules! It\u0101\u013cu dizaineri Diesel Living apvienojum\u0101 ar Seletti rad\u012bju\u0161i kosmisko porcel\u0101na \u0161\u0137\u012bvju kolekciju, tie dekor\u0113ti ar re\u0101listisk\u0101m plan\u0113tu bild\u0113m, t\u0101p\u0113c kalpos ne vien \u0113diena serv\u0113\u0161anai, bet ar\u012b k\u0101 interjera dekors!<br \/>\nTraukus iesp\u0113jams mazg\u0101t trauku mazg\u0101jamaj\u0101 ma\u0161\u012bn\u0101, k\u0101 ar\u012b sild\u012bt mikrovi\u013c\u0146u kr\u0101sn\u012b.<\/p>\n","protected":false},"excerpt":{"rendered":"<p><img loading=\"lazy\" decoding=\"async\" alt=\"seletti\" src=\"http:\/\/www.xcelsiorselection.com\/wp-content\/uploads\/2015\/12\/seletti.jpg\" width=\"167\" height=\"36\" \/><\/p>\n<p>Ra\u017eot\u0101js: Seletti<br \/>\nDizains: Diesel<br \/>\nMateri\u0101ls: porcel\u0101ns<br \/>\nIzm\u0113rs: \u2300 36 cm<\/p>\n","protected":false},"featured_media":17978,"comment_status":"closed","ping_status":"closed","template":"","meta":[],"_links":{"self":[{"href":"https:\/\/www.xcelsiorselection.com\/lv\/wp-json\/wp\/v2\/product\/17995\/"}],"collection":[{"href":"https:\/\/www.xcelsiorselection.com\/lv\/wp-json\/wp\/v2\/product\/"}],"about":[{"href":"https:\/\/www.xcelsiorselection.com\/lv\/wp-json\/wp\/v2\/types\/product\/"}],"replies":[{"embeddable":true,"href":"https:\/\/www.xcelsiorselection.com\/lv\/wp-json\/wp\/v2\/comments\/?post=17995"}],"wp:featuredmedia":[{"embeddable":true,"href":"https:\/\/www.xcelsiorselection.com\/lv\/wp-json\/wp\/v2\/media\/17978\/"}],"wp:attachment":[{"href":"https:\/\/www.xcelsiorselection.com\/lv\/wp-json\/wp\/v2\/media\/?parent=17995"}],"curies":[{"name":"wp","href":"https:\/\/api.w.org\/{rel}","templated":true}]}}