

{"id":1818,"date":"2014-06-13T17:03:36","date_gmt":"2014-06-13T15:03:36","guid":{"rendered":"http:\/\/www.xcelsiorselection.com\/product\/pantone-baby-chair-2\/"},"modified":"2014-09-08T15:37:41","modified_gmt":"2014-09-08T13:37:41","slug":"pantone-baby-chair","status":"publish","type":"product","link":"https:\/\/www.xcelsiorselection.com\/lv\/product\/pantone-baby-chair\/","title":{"rendered":"Pantone b\u0113rnu kr\u0113sls"},"content":{"rendered":"","protected":false},"excerpt":{"rendered":"<p>Saliekams b\u0113rnu kr\u0113sls.<br \/>\nDizains: selab.<br \/>\nKr\u0101sas: tirk\u012bza, v\u0113si pel\u0113ka, zila.<br \/>\nMateri\u0101li: met\u0101ls un PVC.<br \/>\nIzm\u0113rs: 33 cm h 31\/56 cm.<\/p>\n","protected":false},"featured_media":0,"comment_status":"closed","ping_status":"closed","template":"","meta":[],"_links":{"self":[{"href":"https:\/\/www.xcelsiorselection.com\/lv\/wp-json\/wp\/v2\/product\/1818\/"}],"collection":[{"href":"https:\/\/www.xcelsiorselection.com\/lv\/wp-json\/wp\/v2\/product\/"}],"about":[{"href":"https:\/\/www.xcelsiorselection.com\/lv\/wp-json\/wp\/v2\/types\/product\/"}],"replies":[{"embeddable":true,"href":"https:\/\/www.xcelsiorselection.com\/lv\/wp-json\/wp\/v2\/comments\/?post=1818"}],"wp:attachment":[{"href":"https:\/\/www.xcelsiorselection.com\/lv\/wp-json\/wp\/v2\/media\/?parent=1818"}],"curies":[{"name":"wp","href":"https:\/\/api.w.org\/{rel}","templated":true}]}}