

{"id":18252,"date":"2016-01-20T13:35:27","date_gmt":"2016-01-20T11:35:27","guid":{"rendered":"http:\/\/www.xcelsiorselection.com\/product\/cosmic-diner-mars-2\/"},"modified":"2016-01-20T13:39:44","modified_gmt":"2016-01-20T11:39:44","slug":"cosmic-diner-mars","status":"publish","type":"product","link":"https:\/\/www.xcelsiorselection.com\/lv\/product\/cosmic-diner-mars\/","title":{"rendered":"Kosmisk\u0101s vakari\u0146as &#8211; Marss"},"content":{"rendered":"<p>P\u0101rsteidz viesus serv\u0113jot \u0113dienu uz\u2026 plan\u0113tas!<br \/>\nIt\u0101\u013cu dizaineri Diesel Living apvienojum\u0101 ar Seletti rad\u012bju\u0161i kosmisko porcel\u0101na \u0161\u0137\u012bvju kolekciju, tie dekor\u0113ti ar re\u0101listisk\u0101m plan\u0113tu bild\u0113m, t\u0101p\u0113c kalpos ne vien \u0113diena serv\u0113\u0161anai, bet ar\u012b k\u0101 interjera dekors.<br \/>\nTraukus var mazg\u0101t trauku mazg\u0101jamaj\u0101 ma\u0161\u012bn\u0101, k\u0101 ar\u012b sild\u012bt mikrovi\u013c\u0146u kr\u0101sn\u012b.<\/p>\n","protected":false},"excerpt":{"rendered":"<p><img loading=\"lazy\" decoding=\"async\" alt=\"seletti\" src=\"http:\/\/www.xcelsiorselection.com\/wp-content\/uploads\/2015\/12\/seletti.jpg\" width=\"167\" height=\"36\" \/><\/p>\n<p>Ra\u017eot\u0101js: Seletti<br \/>\nDizains: Diesel<br \/>\nMateri\u0101ls: porcel\u0101ns<br \/>\nIzm\u0113rs: \u2300 23,5 cm<\/p>\n","protected":false},"featured_media":18255,"comment_status":"closed","ping_status":"closed","template":"","meta":[],"_links":{"self":[{"href":"https:\/\/www.xcelsiorselection.com\/lv\/wp-json\/wp\/v2\/product\/18252\/"}],"collection":[{"href":"https:\/\/www.xcelsiorselection.com\/lv\/wp-json\/wp\/v2\/product\/"}],"about":[{"href":"https:\/\/www.xcelsiorselection.com\/lv\/wp-json\/wp\/v2\/types\/product\/"}],"replies":[{"embeddable":true,"href":"https:\/\/www.xcelsiorselection.com\/lv\/wp-json\/wp\/v2\/comments\/?post=18252"}],"wp:featuredmedia":[{"embeddable":true,"href":"https:\/\/www.xcelsiorselection.com\/lv\/wp-json\/wp\/v2\/media\/18255\/"}],"wp:attachment":[{"href":"https:\/\/www.xcelsiorselection.com\/lv\/wp-json\/wp\/v2\/media\/?parent=18252"}],"curies":[{"name":"wp","href":"https:\/\/api.w.org\/{rel}","templated":true}]}}